{"id":12,"date":"2019-12-20T21:20:54","date_gmt":"2019-12-20T21:20:54","guid":{"rendered":"https:\/\/www.capricare.eu\/\/?page_id=12"},"modified":"2025-05-08T06:26:52","modified_gmt":"2025-05-08T06:26:52","slug":"nasz-proces-produkcji","status":"publish","type":"page","link":"https:\/\/www.capricare.pl\/hcp\/nasz-proces-produkcji\/","title":{"rendered":"Nasz proces produkcji"},"content":{"rendered":"[vc_row type=&#8221;full_width_content&#8221; full_screen_row_position=&#8221;middle&#8221; column_margin=&#8221;default&#8221; scene_position=&#8221;center&#8221; text_color=&#8221;dark&#8221; text_align=&#8221;left&#8221; id=&#8221;bread-note&#8221; overlay_strength=&#8221;0.3&#8243; shape_divider_position=&#8221;bottom&#8221; bg_image_animation=&#8221;none&#8221; shape_type=&#8221;&#8221;][vc_column column_padding=&#8221;no-extra-padding&#8221; column_padding_position=&#8221;all&#8221; background_color_opacity=&#8221;1&#8243; background_hover_color_opacity=&#8221;1&#8243; column_link_target=&#8221;_self&#8221; column_shadow=&#8221;none&#8221; column_border_radius=&#8221;none&#8221; width=&#8221;1\/1&#8243; tablet_width_inherit=&#8221;default&#8221; tablet_text_alignment=&#8221;default&#8221; phone_text_alignment=&#8221;default&#8221; overlay_strength=&#8221;0.3&#8243; column_border_width=&#8221;none&#8221; column_border_style=&#8221;solid&#8221; bg_image_animation=&#8221;none&#8221;][divider line_type=&#8221;No Line&#8221; custom_height=&#8221;20&#8243;][vc_column_text el_class=&#8221;note&#8221;]Nasz proces produkcji[\/vc_column_text][\/vc_column][\/vc_row][vc_row type=&#8221;full_width_background&#8221; full_screen_row_position=&#8221;middle&#8221; column_margin=&#8221;default&#8221; scene_position=&#8221;center&#8221; text_color=&#8221;dark&#8221; text_align=&#8221;left&#8221; id=&#8221;our-process&#8221; overlay_strength=&#8221;0.3&#8243; shape_divider_position=&#8221;bottom&#8221; bg_image_animation=&#8221;none&#8221; shape_type=&#8221;&#8221;][vc_column column_padding=&#8221;no-extra-padding&#8221; column_padding_position=&#8221;all&#8221; background_color_opacity=&#8221;1&#8243; background_hover_color_opacity=&#8221;1&#8243; column_link_target=&#8221;_self&#8221; column_shadow=&#8221;none&#8221; column_border_radius=&#8221;none&#8221; width=&#8221;1\/1&#8243; tablet_width_inherit=&#8221;default&#8221; tablet_text_alignment=&#8221;default&#8221; phone_text_alignment=&#8221;default&#8221; overlay_strength=&#8221;0.3&#8243; column_border_width=&#8221;none&#8221; column_border_style=&#8221;solid&#8221; bg_image_animation=&#8221;none&#8221;][vc_row_inner column_margin=&#8221;default&#8221; text_align=&#8221;left&#8221; el_id=&#8221;why-capricare-in&#8221;][vc_column_inner column_padding=&#8221;no-extra-padding&#8221; column_padding_position=&#8221;all&#8221; background_color_opacity=&#8221;1&#8243; background_hover_color_opacity=&#8221;1&#8243; column_shadow=&#8221;none&#8221; column_border_radius=&#8221;none&#8221; column_link_target=&#8221;_self&#8221; width=&#8221;1\/2&#8243; tablet_width_inherit=&#8221;default&#8221; overlay_strength=&#8221;0.3&#8243; column_border_width=&#8221;none&#8221; column_border_style=&#8221;solid&#8221; bg_image_animation=&#8221;none&#8221;][vc_column_text]\n<h1>Przyjrzyj si\u0119 naszemu <strong>procesowi produkcji<\/strong> i dowiedz si\u0119, co nas wyr\u00f3\u017cnia<\/h1>\n[\/vc_column_text][\/vc_column_inner][vc_column_inner column_padding=&#8221;no-extra-padding&#8221; column_padding_position=&#8221;all&#8221; background_color_opacity=&#8221;1&#8243; background_hover_color_opacity=&#8221;1&#8243; column_shadow=&#8221;none&#8221; column_border_radius=&#8221;none&#8221; column_link_target=&#8221;_self&#8221; width=&#8221;1\/2&#8243; tablet_width_inherit=&#8221;default&#8221; overlay_strength=&#8221;0.3&#8243; column_border_width=&#8221;none&#8221; column_border_style=&#8221;solid&#8221; bg_image_animation=&#8221;none&#8221;][\/vc_column_inner][\/vc_row_inner][\/vc_column][\/vc_row][vc_row type=&#8221;full_width_background&#8221; full_screen_row_position=&#8221;middle&#8221; column_margin=&#8221;default&#8221; scene_position=&#8221;center&#8221; text_color=&#8221;dark&#8221; text_align=&#8221;left&#8221; class=&#8221;process-header&#8221; overlay_strength=&#8221;0.3&#8243; shape_divider_position=&#8221;bottom&#8221; bg_image_animation=&#8221;none&#8221; shape_type=&#8221;&#8221;][vc_column column_padding=&#8221;no-extra-padding&#8221; column_padding_position=&#8221;all&#8221; background_color_opacity=&#8221;1&#8243; background_hover_color_opacity=&#8221;1&#8243; column_link_target=&#8221;_self&#8221; column_shadow=&#8221;none&#8221; column_border_radius=&#8221;none&#8221; width=&#8221;1\/2&#8243; tablet_width_inherit=&#8221;default&#8221; tablet_text_alignment=&#8221;default&#8221; phone_text_alignment=&#8221;default&#8221; overlay_strength=&#8221;0.3&#8243; column_border_width=&#8221;none&#8221; column_border_style=&#8221;solid&#8221; bg_image_animation=&#8221;none&#8221;][\/vc_column][vc_column column_padding=&#8221;no-extra-padding&#8221; column_padding_position=&#8221;all&#8221; background_color_opacity=&#8221;1&#8243; background_hover_color_opacity=&#8221;1&#8243; column_link_target=&#8221;_self&#8221; column_shadow=&#8221;none&#8221; column_border_radius=&#8221;none&#8221; width=&#8221;1\/2&#8243; tablet_width_inherit=&#8221;default&#8221; tablet_text_alignment=&#8221;default&#8221; phone_text_alignment=&#8221;default&#8221; overlay_strength=&#8221;0.3&#8243; column_border_width=&#8221;none&#8221; column_border_style=&#8221;solid&#8221; bg_image_animation=&#8221;none&#8221;][image_with_animation image_url=&#8221;398&#8243; alignment=&#8221;&#8221; animation=&#8221;Fade In From Right&#8221; hover_animation=&#8221;none&#8221; border_radius=&#8221;none&#8221; box_shadow=&#8221;none&#8221; image_loading=&#8221;default&#8221; max_width=&#8221;100%&#8221; max_width_mobile=&#8221;default&#8221;][\/vc_column][\/vc_row][vc_row type=&#8221;in_container&#8221; full_screen_row_position=&#8221;middle&#8221; column_margin=&#8221;default&#8221; scene_position=&#8221;center&#8221; text_color=&#8221;dark&#8221; text_align=&#8221;left&#8221; top_padding=&#8221;3%&#8221; bottom_padding=&#8221;5%&#8221; overlay_strength=&#8221;0.3&#8243; shape_divider_position=&#8221;bottom&#8221; bg_image_animation=&#8221;none&#8221; shape_type=&#8221;&#8221;][vc_column column_padding=&#8221;no-extra-padding&#8221; column_padding_position=&#8221;all&#8221; background_color_opacity=&#8221;1&#8243; background_hover_color_opacity=&#8221;1&#8243; column_link_target=&#8221;_self&#8221; column_shadow=&#8221;none&#8221; column_border_radius=&#8221;none&#8221; width=&#8221;1\/1&#8243; tablet_width_inherit=&#8221;default&#8221; tablet_text_alignment=&#8221;default&#8221; phone_text_alignment=&#8221;default&#8221; overlay_strength=&#8221;0.3&#8243; column_border_width=&#8221;none&#8221; column_border_style=&#8221;solid&#8221; bg_image_animation=&#8221;none&#8221;][vc_column_text]\n<h2>Z pe\u0142not\u0142ustego mleka<\/h2>\n<p>T\u0142uszcz mleczny jest jednym z najistotniejszych sk\u0142adnik\u00f3w od\u017cywczych zawartych w mleku kobiecym. Produkty Capricare<sup style=\"vertical-align: super\">\u00ae<\/sup> powstaj\u0105 z pe\u0142not\u0142ustego mleka koziego zachowuj\u0105c 45% naturalnego t\u0142uszczu mlecznego. Dzi\u0119ki temu mleko modyfikowane Capricare<sup style=\"vertical-align: super\">\u00ae<\/sup> jest naturalnym \u017ar\u00f3d\u0142em b\u0142on otaczaj\u0105cych kuleczki t\u0142uszczu mlecznego (MFGM, ang. milk fat globule membrane), zawieraj\u0105ce sk\u0142adniki bioaktywne (fosfolipidy, sfingolipidy, cholesterol). Badania wykaza\u0142y, \u017ce zwi\u0105zki te maj\u0105 dobroczynny wp\u0142yw na rozw\u00f3j niemowl\u0105t.<sup style=\"vertical-align: super\">1<\/sup>[\/vc_column_text][\/vc_column][\/vc_row][vc_row type=&#8221;full_width_background&#8221; full_screen_row_position=&#8221;middle&#8221; column_margin=&#8221;default&#8221; bg_color=&#8221;#e2efdc&#8221; scene_position=&#8221;center&#8221; text_color=&#8221;dark&#8221; text_align=&#8221;left&#8221; class=&#8221;hcp-special&#8221; disable_element=&#8221;yes&#8221; overlay_strength=&#8221;0.3&#8243; shape_divider_position=&#8221;bottom&#8221; bg_image_animation=&#8221;none&#8221; shape_type=&#8221;&#8221;][vc_column column_padding=&#8221;no-extra-padding&#8221; column_padding_position=&#8221;all&#8221; background_color_opacity=&#8221;1&#8243; background_hover_color_opacity=&#8221;1&#8243; font_color=&#8221;#667667&#8243; column_link_target=&#8221;_self&#8221; column_shadow=&#8221;none&#8221; column_border_radius=&#8221;none&#8221; width=&#8221;1\/3&#8243; tablet_width_inherit=&#8221;default&#8221; tablet_text_alignment=&#8221;default&#8221; phone_text_alignment=&#8221;default&#8221; overlay_strength=&#8221;0.3&#8243; column_border_width=&#8221;none&#8221; column_border_style=&#8221;solid&#8221; bg_image_animation=&#8221;none&#8221;][vc_column_text el_class=&#8221;differences-3&#8243;]\n<h4>100%<\/h4>\n<h5>T\u0142uszcz mleczny<\/h5>\n[\/vc_column_text][divider line_type=&#8221;No Line&#8221; custom_height=&#8221;20&#8243;][vc_column_text]\n<h5 style=\"text-align: center\">Mleko kobiece<\/h5>\n[\/vc_column_text][\/vc_column][vc_column column_padding=&#8221;no-extra-padding&#8221; column_padding_position=&#8221;all&#8221; background_color_opacity=&#8221;1&#8243; background_hover_color_opacity=&#8221;1&#8243; column_link_target=&#8221;_self&#8221; column_shadow=&#8221;none&#8221; column_border_radius=&#8221;none&#8221; width=&#8221;1\/3&#8243; tablet_width_inherit=&#8221;default&#8221; tablet_text_alignment=&#8221;default&#8221; phone_text_alignment=&#8221;default&#8221; overlay_strength=&#8221;0.3&#8243; column_border_width=&#8221;none&#8221; column_border_style=&#8221;solid&#8221; bg_image_animation=&#8221;none&#8221;][vc_column_text el_class=&#8221;differences-2&#8243;]\n<h4>45%<\/h4>\n<h5>T\u0142uszcz mleczny<\/h5>\n[\/vc_column_text][divider line_type=&#8221;No Line&#8221; custom_height=&#8221;20&#8243;][vc_column_text]\n<h5 style=\"text-align: center\">Capricare<sup>\u00ae<\/sup><\/h5>\n[\/vc_column_text][\/vc_column][vc_column column_padding=&#8221;no-extra-padding&#8221; column_padding_position=&#8221;all&#8221; background_color_opacity=&#8221;1&#8243; background_hover_color_opacity=&#8221;1&#8243; column_link_target=&#8221;_self&#8221; column_shadow=&#8221;none&#8221; column_border_radius=&#8221;none&#8221; width=&#8221;1\/3&#8243; tablet_width_inherit=&#8221;default&#8221; tablet_text_alignment=&#8221;default&#8221; phone_text_alignment=&#8221;default&#8221; overlay_strength=&#8221;0.3&#8243; column_border_width=&#8221;none&#8221; column_border_style=&#8221;solid&#8221; bg_image_animation=&#8221;none&#8221;][vc_column_text el_class=&#8221;differences&#8221;]\n<h4>100%<\/h4>\n<h5>T\u0142uszcz mleczny<\/h5>\n[\/vc_column_text][divider line_type=&#8221;No Line&#8221; custom_height=&#8221;20&#8243;][vc_column_text]\n<h5 style=\"text-align: center\">Inne formu\u0142y og\u00f3lne<\/h5>\n[\/vc_column_text][\/vc_column][\/vc_row][vc_row type=&#8221;full_width_background&#8221; full_screen_row_position=&#8221;middle&#8221; column_margin=&#8221;default&#8221; bg_color=&#8221;#e2efdc&#8221; scene_position=&#8221;center&#8221; text_color=&#8221;dark&#8221; text_align=&#8221;left&#8221; class=&#8221;hcp-special&#8221; overlay_strength=&#8221;0.3&#8243; shape_divider_position=&#8221;bottom&#8221; bg_image_animation=&#8221;none&#8221; shape_type=&#8221;&#8221;][vc_column centered_text=&#8221;true&#8221; column_padding=&#8221;no-extra-padding&#8221; column_padding_position=&#8221;all&#8221; background_color_opacity=&#8221;1&#8243; background_hover_color_opacity=&#8221;1&#8243; column_link_target=&#8221;_self&#8221; column_shadow=&#8221;none&#8221; column_border_radius=&#8221;none&#8221; width=&#8221;1\/1&#8243; tablet_width_inherit=&#8221;default&#8221; tablet_text_alignment=&#8221;default&#8221; phone_text_alignment=&#8221;default&#8221; overlay_strength=&#8221;0.3&#8243; column_border_width=&#8221;none&#8221; column_border_style=&#8221;solid&#8221; bg_image_animation=&#8221;none&#8221;][vc_column_text el_class=&#8221;differences-2&#8243;]\n<h4>45%<\/h4>\n<h5>T\u0142uszcz mleczny<\/h5>\n[\/vc_column_text][divider line_type=&#8221;No Line&#8221; custom_height=&#8221;20&#8243;][vc_column_text]\n<h5 style=\"text-align: center\">Capricare<sup>\u00ae<\/sup><\/h5>\n[\/vc_column_text][\/vc_column][\/vc_row][vc_row type=&#8221;in_container&#8221; full_screen_row_position=&#8221;middle&#8221; column_margin=&#8221;default&#8221; scene_position=&#8221;center&#8221; text_color=&#8221;dark&#8221; text_align=&#8221;left&#8221; top_padding=&#8221;5%&#8221; bottom_padding=&#8221;5%&#8221; overlay_strength=&#8221;0.3&#8243; shape_divider_position=&#8221;bottom&#8221; bg_image_animation=&#8221;none&#8221; shape_type=&#8221;&#8221;][vc_column column_padding=&#8221;no-extra-padding&#8221; column_padding_position=&#8221;all&#8221; background_color_opacity=&#8221;1&#8243; background_hover_color_opacity=&#8221;1&#8243; column_link_target=&#8221;_self&#8221; column_shadow=&#8221;none&#8221; column_border_radius=&#8221;none&#8221; width=&#8221;3\/4&#8243; tablet_width_inherit=&#8221;default&#8221; tablet_text_alignment=&#8221;default&#8221; phone_text_alignment=&#8221;default&#8221; overlay_strength=&#8221;0.3&#8243; column_border_width=&#8221;none&#8221; column_border_style=&#8221;solid&#8221; bg_image_animation=&#8221;none&#8221;][vc_column_text]\n<h2>Proces produkcji<\/h2>\n<p>Mleko modyfikowane Capricare<sup style=\"vertical-align: super\">\u00ae<\/sup> jest kontrolowane na ka\u017cdym etapie produkcji oraz wytwarzane w procesie zapewniaj\u0105cym ochron\u0119 bia\u0142ek i sk\u0142adnik\u00f3w od\u017cywczych mleka koziego. To chroni bia\u0142ka, hamuj\u0105c proces ich glikacji.<\/p>\n<p>Glikacja bia\u0142ek zmienia ich struktur\u0119, co mo\u017ce mie\u0107 wp\u0142yw na strawno\u015b\u0107 oraz prowadzi\u0107 do powstawania ko\u0144cowych produkt\u00f3w zaawansowanej glikacji bia\u0142ek (AGEs, ang.<em> advanced glycation end-products<\/em>). Obserwuje si\u0119 zwi\u0105zek pomi\u0119dzy spo\u017cywaniem pokarm\u00f3w zawieraj\u0105cych ko\u0144cowe produkty zaawansowanej glikacji bia\u0142ek a stanami zapalnymi, stresem oksydacyjnym i insulinooporno\u015bci\u0105.<sup style=\"vertical-align: super\">2,3<\/sup>[\/vc_column_text][\/vc_column][vc_column column_padding=&#8221;no-extra-padding&#8221; column_padding_position=&#8221;all&#8221; background_color_opacity=&#8221;1&#8243; background_hover_color_opacity=&#8221;1&#8243; column_link_target=&#8221;_self&#8221; column_shadow=&#8221;none&#8221; column_border_radius=&#8221;none&#8221; width=&#8221;1\/4&#8243; tablet_width_inherit=&#8221;default&#8221; tablet_text_alignment=&#8221;default&#8221; phone_text_alignment=&#8221;default&#8221; overlay_strength=&#8221;0.3&#8243; column_border_width=&#8221;none&#8221; column_border_style=&#8221;solid&#8221; bg_image_animation=&#8221;none&#8221;][image_with_animation image_url=&#8221;1012&#8243; alignment=&#8221;center&#8221; animation=&#8221;Fade In&#8221; hover_animation=&#8221;none&#8221; border_radius=&#8221;none&#8221; box_shadow=&#8221;none&#8221; image_loading=&#8221;default&#8221; max_width=&#8221;100%&#8221; max_width_mobile=&#8221;default&#8221; delay=&#8221;250&#8243;][\/vc_column][\/vc_row][vc_row type=&#8221;full_width_background&#8221; full_screen_row_position=&#8221;middle&#8221; column_margin=&#8221;default&#8221; bg_color=&#8221;#e2efdc&#8221; scene_position=&#8221;center&#8221; text_color=&#8221;dark&#8221; text_align=&#8221;left&#8221; top_padding=&#8221;5%&#8221; bottom_padding=&#8221;5%&#8221; class=&#8221;essential&#8221; overlay_strength=&#8221;0.3&#8243; shape_divider_position=&#8221;bottom&#8221; bg_image_animation=&#8221;none&#8221; shape_type=&#8221;&#8221;][vc_column column_padding=&#8221;no-extra-padding&#8221; column_padding_position=&#8221;all&#8221; background_color_opacity=&#8221;1&#8243; background_hover_color_opacity=&#8221;1&#8243; font_color=&#8221;#9d9d9c&#8221; column_link_target=&#8221;_self&#8221; column_shadow=&#8221;none&#8221; column_border_radius=&#8221;none&#8221; width=&#8221;1\/1&#8243; tablet_width_inherit=&#8221;default&#8221; tablet_text_alignment=&#8221;default&#8221; phone_text_alignment=&#8221;default&#8221; overlay_strength=&#8221;0.3&#8243; column_border_width=&#8221;none&#8221; column_border_style=&#8221;solid&#8221; bg_image_animation=&#8221;none&#8221;][vc_column_text]\n<h2>Tylko najistotniejsze sk\u0142adniki<\/h2>\n<p>Dzi\u0119ki wysokiej zawarto\u015bci naturalnego t\u0142uszczu mlecznego Capricare<sup style=\"vertical-align: super\">\u00ae<\/sup> zachowuje profil aminokwasowy mleka koziego oraz bogactwo sk\u0142adnik\u00f3w bioaktywnych i MFGM.<\/p>\n<ul>\n<li>Bez dodatku oleju palmowego \u2014 mleko modyfikowane Capricare<sup style=\"vertical-align: super\">\u00ae<\/sup> zawiera t\u0142uszcz mleczny, naturalne \u017ar\u00f3d\u0142o kwasu palmitynowego w pozycji sn-2<\/li>\n<li>Bez dodatku serwatki \u2014 naturalny profil aminokwasowy mleka koziego nie wymaga uzupe\u0142niania serwatk\u0105<\/li>\n<\/ul>\n[\/vc_column_text][divider line_type=&#8221;No Line&#8221; custom_height=&#8221;40&#8243;][vc_column_text]<strong>Bibliografia:<\/strong><br \/>\n<span class=\"small\"><sup>1<\/sup> Gallier S, et al. Whole Goat Milk as a Source of Fat and Milk Fat Globule Membrane in Infant Formula. Nutrients. 2020;12(11):34-86.<br \/>\n<sup>2<\/sup> Zenker HE, et al. Lysine blockage of milk proteins in infant formula impairs overall protein digestibility and peptide release. Food Funct. 2020; 11:358-369.<br \/>\n<sup>3<\/sup> Prosser CG, et al. N\u03b5-carboxymethyllysine in nutritional milk formulas for infants. Food Chem. 2019; 274:886-890.<\/span>[\/vc_column_text][\/vc_column][\/vc_row]\n","protected":false},"excerpt":{"rendered":"<p>[vc_row type=&#8221;full_width_content&#8221; full_screen_row_position=&#8221;middle&#8221; column_margin=&#8221;default&#8221; scene_position=&#8221;center&#8221; text_color=&#8221;dark&#8221; text_align=&#8221;left&#8221; id=&#8221;bread-note&#8221; overlay_strength=&#8221;0.3&#8243; shape_divider_position=&#8221;bottom&#8221; bg_image_animation=&#8221;none&#8221; shape_type=&#8221;&#8221;][vc_column column_padding=&#8221;no-extra-padding&#8221; column_padding_position=&#8221;all&#8221; background_color_opacity=&#8221;1&#8243; background_hover_color_opacity=&#8221;1&#8243; column_link_target=&#8221;_self&#8221; column_shadow=&#8221;none&#8221; column_border_radius=&#8221;none&#8221; width=&#8221;1\/1&#8243; tablet_width_inherit=&#8221;default&#8221; tablet_text_alignment=&#8221;default&#8221; phone_text_alignment=&#8221;default&#8221; overlay_strength=&#8221;0.3&#8243; column_border_width=&#8221;none&#8221; column_border_style=&#8221;solid&#8221; bg_image_animation=&#8221;none&#8221;][divider line_type=&#8221;No Line&#8221; custom_height=&#8221;20&#8243;][vc_column_text&#8230;<\/p>\n","protected":false},"author":1,"featured_media":0,"parent":0,"menu_order":0,"comment_status":"closed","ping_status":"closed","template":"","meta":[],"yoast_head":"<!-- This site is optimized with the Yoast SEO plugin v21.1 - https:\/\/yoast.com\/wordpress\/plugins\/seo\/ -->\n<title>Nasz proces produkcji - Capricare Poland HCP<\/title>\n<meta name=\"description\" content=\"Capricare s\u0105 wytwarzane z pe\u0142not\u0142ustego mleka i delikatnie przetwarzane w celu zachowania t\u0142uszczu mlecznego, naturalnego \u017ar\u00f3d\u0142a b\u0142ony otaczaj\u0105cej kuleczki t\u0142uszczu mlecznego.\" \/>\n<meta name=\"robots\" content=\"index, follow, max-snippet:-1, max-image-preview:large, max-video-preview:-1\" \/>\n<link rel=\"canonical\" href=\"https:\/\/www.capricare.pl\/hcp\/nasz-proces-produkcji\/\" \/>\n<meta property=\"og:locale\" content=\"en_US\" \/>\n<meta property=\"og:type\" content=\"article\" \/>\n<meta property=\"og:title\" content=\"Nasz proces produkcji - Capricare Poland HCP\" \/>\n<meta property=\"og:description\" content=\"Capricare s\u0105 wytwarzane z pe\u0142not\u0142ustego mleka i delikatnie przetwarzane w celu zachowania t\u0142uszczu mlecznego, naturalnego \u017ar\u00f3d\u0142a b\u0142ony otaczaj\u0105cej kuleczki t\u0142uszczu mlecznego.\" \/>\n<meta property=\"og:url\" content=\"https:\/\/www.capricare.pl\/hcp\/nasz-proces-produkcji\/\" \/>\n<meta property=\"og:site_name\" content=\"Capricare Poland HCP\" \/>\n<meta property=\"article:modified_time\" content=\"2025-05-08T06:26:52+00:00\" \/>\n<meta name=\"twitter:card\" content=\"summary_large_image\" \/>\n<meta name=\"twitter:label1\" content=\"Est. reading time\" \/>\n\t<meta name=\"twitter:data1\" content=\"3 minutes\" \/>\n<script type=\"application\/ld+json\" class=\"yoast-schema-graph\">{\"@context\":\"https:\/\/schema.org\",\"@graph\":[{\"@type\":\"WebPage\",\"@id\":\"https:\/\/www.capricare.pl\/hcp\/nasz-proces-produkcji\/\",\"url\":\"https:\/\/www.capricare.pl\/hcp\/nasz-proces-produkcji\/\",\"name\":\"Nasz proces produkcji - Capricare Poland HCP\",\"isPartOf\":{\"@id\":\"https:\/\/www.capricare.pl\/hcp\/#website\"},\"datePublished\":\"2019-12-20T21:20:54+00:00\",\"dateModified\":\"2025-05-08T06:26:52+00:00\",\"description\":\"Capricare s\u0105 wytwarzane z pe\u0142not\u0142ustego mleka i delikatnie przetwarzane w celu zachowania t\u0142uszczu mlecznego, naturalnego \u017ar\u00f3d\u0142a b\u0142ony otaczaj\u0105cej kuleczki t\u0142uszczu mlecznego.\",\"breadcrumb\":{\"@id\":\"https:\/\/www.capricare.pl\/hcp\/nasz-proces-produkcji\/#breadcrumb\"},\"inLanguage\":\"en-NZ\",\"potentialAction\":[{\"@type\":\"ReadAction\",\"target\":[\"https:\/\/www.capricare.pl\/hcp\/nasz-proces-produkcji\/\"]}]},{\"@type\":\"BreadcrumbList\",\"@id\":\"https:\/\/www.capricare.pl\/hcp\/nasz-proces-produkcji\/#breadcrumb\",\"itemListElement\":[{\"@type\":\"ListItem\",\"position\":1,\"name\":\"Home\",\"item\":\"https:\/\/www.capricare.pl\/hcp\/\"},{\"@type\":\"ListItem\",\"position\":2,\"name\":\"Nasz proces produkcji\"}]},{\"@type\":\"WebSite\",\"@id\":\"https:\/\/www.capricare.pl\/hcp\/#website\",\"url\":\"https:\/\/www.capricare.pl\/hcp\/\",\"name\":\"Capricare Poland HCP\",\"description\":\"\",\"potentialAction\":[{\"@type\":\"SearchAction\",\"target\":{\"@type\":\"EntryPoint\",\"urlTemplate\":\"https:\/\/www.capricare.pl\/hcp\/?s={search_term_string}\"},\"query-input\":\"required name=search_term_string\"}],\"inLanguage\":\"en-NZ\"}]}<\/script>\n<!-- \/ Yoast SEO plugin. -->","yoast_head_json":{"title":"Nasz proces produkcji - Capricare Poland HCP","description":"Capricare s\u0105 wytwarzane z pe\u0142not\u0142ustego mleka i delikatnie przetwarzane w celu zachowania t\u0142uszczu mlecznego, naturalnego \u017ar\u00f3d\u0142a b\u0142ony otaczaj\u0105cej kuleczki t\u0142uszczu mlecznego.","robots":{"index":"index","follow":"follow","max-snippet":"max-snippet:-1","max-image-preview":"max-image-preview:large","max-video-preview":"max-video-preview:-1"},"canonical":"https:\/\/www.capricare.pl\/hcp\/nasz-proces-produkcji\/","og_locale":"en_US","og_type":"article","og_title":"Nasz proces produkcji - Capricare Poland HCP","og_description":"Capricare s\u0105 wytwarzane z pe\u0142not\u0142ustego mleka i delikatnie przetwarzane w celu zachowania t\u0142uszczu mlecznego, naturalnego \u017ar\u00f3d\u0142a b\u0142ony otaczaj\u0105cej kuleczki t\u0142uszczu mlecznego.","og_url":"https:\/\/www.capricare.pl\/hcp\/nasz-proces-produkcji\/","og_site_name":"Capricare Poland HCP","article_modified_time":"2025-05-08T06:26:52+00:00","twitter_card":"summary_large_image","twitter_misc":{"Est. reading time":"3 minutes"},"schema":{"@context":"https:\/\/schema.org","@graph":[{"@type":"WebPage","@id":"https:\/\/www.capricare.pl\/hcp\/nasz-proces-produkcji\/","url":"https:\/\/www.capricare.pl\/hcp\/nasz-proces-produkcji\/","name":"Nasz proces produkcji - Capricare Poland HCP","isPartOf":{"@id":"https:\/\/www.capricare.pl\/hcp\/#website"},"datePublished":"2019-12-20T21:20:54+00:00","dateModified":"2025-05-08T06:26:52+00:00","description":"Capricare s\u0105 wytwarzane z pe\u0142not\u0142ustego mleka i delikatnie przetwarzane w celu zachowania t\u0142uszczu mlecznego, naturalnego \u017ar\u00f3d\u0142a b\u0142ony otaczaj\u0105cej kuleczki t\u0142uszczu mlecznego.","breadcrumb":{"@id":"https:\/\/www.capricare.pl\/hcp\/nasz-proces-produkcji\/#breadcrumb"},"inLanguage":"en-NZ","potentialAction":[{"@type":"ReadAction","target":["https:\/\/www.capricare.pl\/hcp\/nasz-proces-produkcji\/"]}]},{"@type":"BreadcrumbList","@id":"https:\/\/www.capricare.pl\/hcp\/nasz-proces-produkcji\/#breadcrumb","itemListElement":[{"@type":"ListItem","position":1,"name":"Home","item":"https:\/\/www.capricare.pl\/hcp\/"},{"@type":"ListItem","position":2,"name":"Nasz proces produkcji"}]},{"@type":"WebSite","@id":"https:\/\/www.capricare.pl\/hcp\/#website","url":"https:\/\/www.capricare.pl\/hcp\/","name":"Capricare Poland HCP","description":"","potentialAction":[{"@type":"SearchAction","target":{"@type":"EntryPoint","urlTemplate":"https:\/\/www.capricare.pl\/hcp\/?s={search_term_string}"},"query-input":"required name=search_term_string"}],"inLanguage":"en-NZ"}]}},"_links":{"self":[{"href":"https:\/\/www.capricare.pl\/hcp\/wp-json\/wp\/v2\/pages\/12"}],"collection":[{"href":"https:\/\/www.capricare.pl\/hcp\/wp-json\/wp\/v2\/pages"}],"about":[{"href":"https:\/\/www.capricare.pl\/hcp\/wp-json\/wp\/v2\/types\/page"}],"author":[{"embeddable":true,"href":"https:\/\/www.capricare.pl\/hcp\/wp-json\/wp\/v2\/users\/1"}],"replies":[{"embeddable":true,"href":"https:\/\/www.capricare.pl\/hcp\/wp-json\/wp\/v2\/comments?post=12"}],"version-history":[{"count":72,"href":"https:\/\/www.capricare.pl\/hcp\/wp-json\/wp\/v2\/pages\/12\/revisions"}],"predecessor-version":[{"id":1070,"href":"https:\/\/www.capricare.pl\/hcp\/wp-json\/wp\/v2\/pages\/12\/revisions\/1070"}],"wp:attachment":[{"href":"https:\/\/www.capricare.pl\/hcp\/wp-json\/wp\/v2\/media?parent=12"}],"curies":[{"name":"wp","href":"https:\/\/api.w.org\/{rel}","templated":true}]}}