{"id":18,"date":"2019-12-20T21:22:55","date_gmt":"2019-12-20T21:22:55","guid":{"rendered":"https:\/\/www.capricare.eu\/\/?page_id=18"},"modified":"2025-10-16T01:12:28","modified_gmt":"2025-10-16T01:12:28","slug":"o-capricare","status":"publish","type":"page","link":"https:\/\/www.capricare.pl\/hcp\/o-capricare\/","title":{"rendered":"O Capricare\u00ae"},"content":{"rendered":"[vc_row type=&#8221;full_width_background&#8221; full_screen_row_position=&#8221;middle&#8221; equal_height=&#8221;yes&#8221; content_placement=&#8221;middle&#8221; column_margin=&#8221;default&#8221; scene_position=&#8221;center&#8221; text_color=&#8221;dark&#8221; text_align=&#8221;left&#8221; id=&#8221;about-hcp&#8221; overlay_strength=&#8221;0.3&#8243; shape_divider_position=&#8221;bottom&#8221; bg_image_animation=&#8221;none&#8221; shape_type=&#8221;&#8221;][vc_column column_padding=&#8221;no-extra-padding&#8221; column_padding_position=&#8221;all&#8221; background_color_opacity=&#8221;1&#8243; background_hover_color_opacity=&#8221;1&#8243; column_link_target=&#8221;_self&#8221; column_shadow=&#8221;none&#8221; column_border_radius=&#8221;none&#8221; width=&#8221;1\/1&#8243; tablet_width_inherit=&#8221;default&#8221; tablet_text_alignment=&#8221;default&#8221; phone_text_alignment=&#8221;default&#8221; overlay_strength=&#8221;0.3&#8243; column_border_width=&#8221;none&#8221; column_border_style=&#8221;solid&#8221; bg_image_animation=&#8221;none&#8221;][vc_row_inner content_placement=&#8221;middle&#8221; column_margin=&#8221;default&#8221; top_padding=&#8221;5%&#8221; bottom_padding=&#8221;5%&#8221; text_align=&#8221;left&#8221; class=&#8221;reverse-row&#8221;][vc_column_inner column_padding=&#8221;no-extra-padding&#8221; column_padding_position=&#8221;all&#8221; background_color_opacity=&#8221;1&#8243; background_hover_color_opacity=&#8221;1&#8243; column_shadow=&#8221;none&#8221; column_border_radius=&#8221;none&#8221; column_link_target=&#8221;_self&#8221; width=&#8221;3\/4&#8243; tablet_width_inherit=&#8221;default&#8221; overlay_strength=&#8221;0.3&#8243; column_border_width=&#8221;none&#8221; column_border_style=&#8221;solid&#8221; bg_image_animation=&#8221;none&#8221;][image_with_animation image_url=&#8221;802&#8243; alignment=&#8221;center&#8221; animation=&#8221;Fade In&#8221; hover_animation=&#8221;none&#8221; border_radius=&#8221;none&#8221; box_shadow=&#8221;none&#8221; image_loading=&#8221;default&#8221; max_width=&#8221;100%&#8221; max_width_mobile=&#8221;default&#8221; delay=&#8221;350&#8243; el_class=&#8221;about-dgc&#8221;][\/vc_column_inner][vc_column_inner column_padding=&#8221;no-extra-padding&#8221; column_padding_position=&#8221;all&#8221; background_color_opacity=&#8221;1&#8243; background_hover_color_opacity=&#8221;1&#8243; column_shadow=&#8221;none&#8221; column_border_radius=&#8221;none&#8221; column_link_target=&#8221;_self&#8221; width=&#8221;1\/4&#8243; tablet_width_inherit=&#8221;default&#8221; overlay_strength=&#8221;0.3&#8243; column_border_width=&#8221;none&#8221; column_border_style=&#8221;solid&#8221; bg_image_animation=&#8221;none&#8221;][divider line_type=&#8221;No Line&#8221; custom_height=&#8221;50&#8243;][vc_column_text]\n<h1><strong>Dairy Goat<br \/>\nCo-operative, producent mleka modyfikowanego Capricare<sup style=\"vertical-align: super;\">\u00ae<\/sup>,<\/strong> od ponad 30 lat w ponad 30 krajach<\/h1>\n[\/vc_column_text][\/vc_column_inner][\/vc_row_inner][\/vc_column][\/vc_row][vc_row type=&#8221;full_width_background&#8221; full_screen_row_position=&#8221;middle&#8221; column_margin=&#8221;default&#8221; bg_color=&#8221;#ffffff&#8221; scene_position=&#8221;center&#8221; text_color=&#8221;dark&#8221; text_align=&#8221;left&#8221; id=&#8221;journey-hcp&#8221; overlay_strength=&#8221;0.3&#8243; shape_divider_position=&#8221;bottom&#8221; bg_image_animation=&#8221;none&#8221; shape_type=&#8221;&#8221;][vc_column column_padding=&#8221;no-extra-padding&#8221; column_padding_position=&#8221;all&#8221; background_color_opacity=&#8221;1&#8243; background_hover_color_opacity=&#8221;1&#8243; column_link_target=&#8221;_self&#8221; column_shadow=&#8221;none&#8221; column_border_radius=&#8221;none&#8221; width=&#8221;1\/1&#8243; tablet_width_inherit=&#8221;default&#8221; tablet_text_alignment=&#8221;default&#8221; phone_text_alignment=&#8221;default&#8221; overlay_strength=&#8221;0.3&#8243; column_border_width=&#8221;none&#8221; column_border_style=&#8221;solid&#8221; bg_image_animation=&#8221;none&#8221;][vc_column_text]\n<p style=\"text-align: center;\"><a href=\"#about-video-hcp\">DOWIEDZ SI\u0118 O NAS WI\u0118CEJ<\/a><\/p>\n[\/vc_column_text][divider line_type=&#8221;No Line&#8221; custom_height=&#8221;60&#8243;][\/vc_column][\/vc_row][vc_row type=&#8221;in_container&#8221; full_screen_row_position=&#8221;middle&#8221; column_margin=&#8221;default&#8221; scene_position=&#8221;center&#8221; text_color=&#8221;dark&#8221; text_align=&#8221;left&#8221; id=&#8221;about-video-hcp&#8221; overlay_strength=&#8221;0.3&#8243; shape_divider_position=&#8221;bottom&#8221; bg_image_animation=&#8221;none&#8221; shape_type=&#8221;&#8221;][vc_column column_padding=&#8221;no-extra-padding&#8221; column_padding_position=&#8221;all&#8221; background_color_opacity=&#8221;1&#8243; background_hover_color_opacity=&#8221;1&#8243; column_link_target=&#8221;_self&#8221; column_shadow=&#8221;none&#8221; column_border_radius=&#8221;none&#8221; width=&#8221;1\/4&#8243; tablet_width_inherit=&#8221;default&#8221; tablet_text_alignment=&#8221;default&#8221; phone_text_alignment=&#8221;default&#8221; overlay_strength=&#8221;0.3&#8243; column_border_width=&#8221;none&#8221; column_border_style=&#8221;solid&#8221; bg_image_animation=&#8221;none&#8221;][vc_column_text]\n<h4>\u015awiatowy lider i pionier \u017cywienia niemowl\u0105t opartego na mleku kozim.<\/h4>\n[\/vc_column_text][\/vc_column][vc_column column_padding=&#8221;no-extra-padding&#8221; column_padding_position=&#8221;all&#8221; background_color_opacity=&#8221;1&#8243; background_hover_color_opacity=&#8221;1&#8243; column_link_target=&#8221;_self&#8221; column_shadow=&#8221;none&#8221; column_border_radius=&#8221;none&#8221; width=&#8221;3\/4&#8243; tablet_width_inherit=&#8221;default&#8221; tablet_text_alignment=&#8221;default&#8221; phone_text_alignment=&#8221;default&#8221; overlay_strength=&#8221;0.3&#8243; column_border_width=&#8221;none&#8221; column_border_style=&#8221;solid&#8221; bg_image_animation=&#8221;none&#8221;][vc_row_inner column_margin=&#8221;default&#8221; text_align=&#8221;left&#8221;][vc_column_inner column_padding=&#8221;no-extra-padding&#8221; column_padding_position=&#8221;all&#8221; background_color_opacity=&#8221;1&#8243; background_hover_color_opacity=&#8221;1&#8243; column_shadow=&#8221;none&#8221; column_border_radius=&#8221;none&#8221; column_link_target=&#8221;_self&#8221; width=&#8221;1\/4&#8243; tablet_width_inherit=&#8221;default&#8221; overlay_strength=&#8221;0.3&#8243; column_border_width=&#8221;none&#8221; column_border_style=&#8221;solid&#8221; bg_image_animation=&#8221;none&#8221;][\/vc_column_inner][vc_column_inner column_padding=&#8221;no-extra-padding&#8221; column_padding_position=&#8221;all&#8221; background_color_opacity=&#8221;1&#8243; background_hover_color_opacity=&#8221;1&#8243; column_shadow=&#8221;none&#8221; column_border_radius=&#8221;none&#8221; column_link_target=&#8221;_self&#8221; width=&#8221;3\/4&#8243; tablet_width_inherit=&#8221;default&#8221; overlay_strength=&#8221;0.3&#8243; column_border_width=&#8221;none&#8221; column_border_style=&#8221;solid&#8221; bg_image_animation=&#8221;none&#8221;][vc_column_text el_class=&#8221;hcp-extra&#8221;]Dairy Goat Co-operative jako pierwsza opracowa\u0142a i wprowadzi\u0142a do sprzeda\u017cy modyfikowane mleko kozie dla niemowl\u0105t. Od 1988 roku, kiedy przyst\u0105pili\u015bmy do realizacji tego prze\u0142omowego przedsi\u0119wzi\u0119cia, nieustannie prowadzimy badania, d\u0105\u017c\u0105c do ulepsze\u0144 w tej dziedzinie. W ramach naszego wiod\u0105cego na skal\u0119 \u015bwiatow\u0105 programu badawczego jako pierwsi przeprowadzili\u015bmy liczne badania kliniczne realizowane z randomizacj\u0105 metod\u0105 podw\u00f3jnie \u015blepej pr\u00f3by, badaj\u0105c bezpiecze\u0144stwo i zasadno\u015b\u0107 stosowania modyfikowanego mleka koziego dla niemowl\u0105t. Sprawia to, \u017ce nasze preparaty do \u017cywienia niemowl\u0105t s\u0105 najlepiej przebadanymi klinicznie produktami tego typu dost\u0119pnymi na rynku.[\/vc_column_text][\/vc_column_inner][\/vc_row_inner][vc_column_text el_class=&#8221;about-line-hcp&#8221;]<img decoding=\"async\" loading=\"lazy\" class=\"aligncenter role=\" src=\"\/wp-content\/uploads\/sites\/17\/2020\/01\/hcp-about-line.svg\" alt=\"\" width=\"6\" height=\"130\" \/>[\/vc_column_text][nectar_video_lightbox link_style=&#8221;play_button_2&#8243; nectar_play_button_color=&#8221;Extra-Color-1&#8243; image_url=&#8221;127&#8243; hover_effect=&#8221;zoom_button&#8221; box_shadow=&#8221;none&#8221; border_radius=&#8221;none&#8221; play_button_size=&#8221;default&#8221; video_url=&#8221;https:\/\/dxls5wgf00gqw.cloudfront.net\/wp-content\/uploads\/2018\/04\/26162315\/We-are-from-NZ_pl_v2.mp4&#8243;][divider line_type=&#8221;No Line&#8221; custom_height=&#8221;120&#8243;][\/vc_column][\/vc_row][vc_row type=&#8221;in_container&#8221; full_screen_row_position=&#8221;middle&#8221; column_margin=&#8221;default&#8221; scene_position=&#8221;center&#8221; text_color=&#8221;dark&#8221; text_align=&#8221;left&#8221; overlay_strength=&#8221;0.3&#8243; shape_divider_position=&#8221;bottom&#8221; bg_image_animation=&#8221;none&#8221;][vc_column column_padding=&#8221;no-extra-padding&#8221; column_padding_position=&#8221;all&#8221; background_color_opacity=&#8221;1&#8243; background_hover_color_opacity=&#8221;1&#8243; column_link_target=&#8221;_self&#8221; column_shadow=&#8221;none&#8221; column_border_radius=&#8221;none&#8221; width=&#8221;1\/1&#8243; tablet_width_inherit=&#8221;default&#8221; tablet_text_alignment=&#8221;default&#8221; phone_text_alignment=&#8221;default&#8221; overlay_strength=&#8221;0.3&#8243; column_border_width=&#8221;none&#8221; column_border_style=&#8221;solid&#8221; bg_image_animation=&#8221;none&#8221;][vc_column_text css_animation=&#8221;fadeIn&#8221; el_class=&#8221;about-line-2&#8243;]<img decoding=\"async\" loading=\"lazy\" class=\"aligncenter role=\" src=\"\/wp-content\/uploads\/2019\/12\/about-line-2.svg\" alt=\"\" width=\"295\" height=\"130\" \/>[\/vc_column_text][vc_column_text el_class=&#8221;about-line-mob1&#8243;]<img decoding=\"async\" loading=\"lazy\" class=\"aligncenter role=\" src=\"\/wp-content\/uploads\/2019\/12\/about-line-mob1.svg\" alt=\"\" width=\"10\" height=\"100\" \/>[\/vc_column_text][\/vc_column][\/vc_row][vc_row type=&#8221;in_container&#8221; full_screen_row_position=&#8221;middle&#8221; column_margin=&#8221;default&#8221; scene_position=&#8221;center&#8221; text_color=&#8221;dark&#8221; text_align=&#8221;left&#8221; id=&#8221;about-video&#8221; overlay_strength=&#8221;0.3&#8243; shape_divider_position=&#8221;bottom&#8221; bg_image_animation=&#8221;none&#8221; shape_type=&#8221;&#8221;][vc_column column_padding=&#8221;no-extra-padding&#8221; column_padding_position=&#8221;all&#8221; background_color_opacity=&#8221;1&#8243; background_hover_color_opacity=&#8221;1&#8243; column_link_target=&#8221;_self&#8221; column_shadow=&#8221;none&#8221; column_border_radius=&#8221;none&#8221; el_class=&#8221;dgc-video&#8221; width=&#8221;3\/4&#8243; tablet_width_inherit=&#8221;default&#8221; tablet_text_alignment=&#8221;default&#8221; phone_text_alignment=&#8221;default&#8221; overlay_strength=&#8221;0.3&#8243; column_border_width=&#8221;none&#8221; column_border_style=&#8221;solid&#8221; bg_image_animation=&#8221;none&#8221;][vc_column_text el_class=&#8221;hcp-extra&#8221;]<strong>Kompleksowe zak\u0142ady produkcyjne<\/strong><br \/>\nCelowo wybudowali\u015bmy nasz obiekt przeznaczony wy\u0142\u0105cznie do produkcji modyfikowanego mleka koziego. Dzi\u0119ki modelowi biznesowemu kooperatywy mo\u017cemy kontrolowa\u0107 ca\u0142y proces \u2014 od udoju po dystrybucj\u0119. Dzi\u0119ki temu mleko trafiaj\u0105ce do naszego zak\u0142adu opuszcza go jako gotowy produkt. Realizowany w ten spos\u00f3b proces produkcji jest bezpieczniejszy i czystszy.[\/vc_column_text][divider line_type=&#8221;No Line&#8221; custom_height=&#8221;40&#8243;][nectar_video_lightbox link_style=&#8221;play_button_2&#8243; nectar_play_button_color=&#8221;Extra-Color-1&#8243; image_url=&#8221;223&#8243; hover_effect=&#8221;zoom_button&#8221; box_shadow=&#8221;none&#8221; border_radius=&#8221;none&#8221; play_button_size=&#8221;default&#8221; video_url=&#8221;https:\/\/dxls5wgf00gqw.cloudfront.net\/wp-content\/uploads\/2018\/04\/05170246\/INMNZ180124_PL_video_6.mp4&#8243;][\/vc_column][vc_column column_padding=&#8221;no-extra-padding&#8221; column_padding_position=&#8221;all&#8221; background_color_opacity=&#8221;1&#8243; background_hover_color_opacity=&#8221;1&#8243; column_link_target=&#8221;_self&#8221; column_shadow=&#8221;none&#8221; column_border_radius=&#8221;none&#8221; width=&#8221;1\/4&#8243; tablet_width_inherit=&#8221;default&#8221; tablet_text_alignment=&#8221;default&#8221; phone_text_alignment=&#8221;default&#8221; overlay_strength=&#8221;0.3&#8243; column_border_width=&#8221;none&#8221; column_border_style=&#8221;solid&#8221; bg_image_animation=&#8221;none&#8221;][\/vc_column][\/vc_row][vc_row type=&#8221;in_container&#8221; full_screen_row_position=&#8221;middle&#8221; column_margin=&#8221;default&#8221; scene_position=&#8221;center&#8221; text_color=&#8221;dark&#8221; text_align=&#8221;left&#8221; overlay_strength=&#8221;0.3&#8243; shape_divider_position=&#8221;bottom&#8221; bg_image_animation=&#8221;none&#8221;][vc_column column_padding=&#8221;no-extra-padding&#8221; column_padding_position=&#8221;all&#8221; background_color_opacity=&#8221;1&#8243; background_hover_color_opacity=&#8221;1&#8243; column_link_target=&#8221;_self&#8221; column_shadow=&#8221;none&#8221; column_border_radius=&#8221;none&#8221; width=&#8221;3\/4&#8243; tablet_width_inherit=&#8221;default&#8221; tablet_text_alignment=&#8221;default&#8221; phone_text_alignment=&#8221;default&#8221; overlay_strength=&#8221;0.3&#8243; column_border_width=&#8221;none&#8221; column_border_style=&#8221;solid&#8221; bg_image_animation=&#8221;none&#8221;][vc_column_text el_class=&#8221;about-line-hcp2&#8243;]<img decoding=\"async\" loading=\"lazy\" class=\"aligncenter role=\" src=\"\/wp-content\/uploads\/2019\/12\/about-line-mob1.svg\" alt=\"\" width=\"10\" height=\"100\" \/>[\/vc_column_text][\/vc_column][vc_column column_padding=&#8221;no-extra-padding&#8221; column_padding_position=&#8221;all&#8221; background_color_opacity=&#8221;1&#8243; background_hover_color_opacity=&#8221;1&#8243; column_link_target=&#8221;_self&#8221; column_shadow=&#8221;none&#8221; column_border_radius=&#8221;none&#8221; width=&#8221;1\/4&#8243; tablet_width_inherit=&#8221;default&#8221; tablet_text_alignment=&#8221;default&#8221; phone_text_alignment=&#8221;default&#8221; overlay_strength=&#8221;0.3&#8243; column_border_width=&#8221;none&#8221; column_border_style=&#8221;solid&#8221; bg_image_animation=&#8221;none&#8221;][\/vc_column][\/vc_row][vc_row type=&#8221;in_container&#8221; full_screen_row_position=&#8221;middle&#8221; column_margin=&#8221;default&#8221; scene_position=&#8221;center&#8221; text_color=&#8221;dark&#8221; text_align=&#8221;left&#8221; overlay_strength=&#8221;0.3&#8243; shape_divider_position=&#8221;bottom&#8221; bg_image_animation=&#8221;none&#8221;][vc_column column_padding=&#8221;no-extra-padding&#8221; column_padding_position=&#8221;all&#8221; background_color_opacity=&#8221;1&#8243; background_hover_color_opacity=&#8221;1&#8243; column_link_target=&#8221;_self&#8221; column_shadow=&#8221;none&#8221; column_border_radius=&#8221;none&#8221; width=&#8221;1\/1&#8243; tablet_width_inherit=&#8221;default&#8221; tablet_text_alignment=&#8221;default&#8221; phone_text_alignment=&#8221;default&#8221; overlay_strength=&#8221;0.3&#8243; column_border_width=&#8221;none&#8221; column_border_style=&#8221;solid&#8221; bg_image_animation=&#8221;none&#8221;][vc_column_text]<a class=\"about-butt\" href=\"https:\/\/www.dgc.co.nz\/\" target=\"_blank\" rel=\"noopener noreferrer\">DOWIEDZ SI\u0118 WI\u0118CEJ O KOOPERATYWIE DAIRY GOAT CO-OPERATIVE<\/a>[\/vc_column_text][divider line_type=&#8221;No Line&#8221; custom_height=&#8221;80&#8243;][\/vc_column][\/vc_row]\n","protected":false},"excerpt":{"rendered":"<p>[vc_row type=&#8221;full_width_background&#8221; full_screen_row_position=&#8221;middle&#8221; equal_height=&#8221;yes&#8221; content_placement=&#8221;middle&#8221; column_margin=&#8221;default&#8221; scene_position=&#8221;center&#8221; text_color=&#8221;dark&#8221; text_align=&#8221;left&#8221; id=&#8221;about-hcp&#8221; overlay_strength=&#8221;0.3&#8243; shape_divider_position=&#8221;bottom&#8221; bg_image_animation=&#8221;none&#8221; shape_type=&#8221;&#8221;][vc_column column_padding=&#8221;no-extra-padding&#8221; column_padding_position=&#8221;all&#8221; background_color_opacity=&#8221;1&#8243; background_hover_color_opacity=&#8221;1&#8243; column_link_target=&#8221;_self&#8221; column_shadow=&#8221;none&#8221; column_border_radius=&#8221;none&#8221; width=&#8221;1\/1&#8243; tablet_width_inherit=&#8221;default&#8221; tablet_text_alignment=&#8221;default&#8221; phone_text_alignment=&#8221;default&#8221; overlay_strength=&#8221;0.3&#8243; column_border_width=&#8221;none&#8221; column_border_style=&#8221;solid&#8221; bg_image_animation=&#8221;none&#8221;][vc_row_inner content_placement=&#8221;middle&#8221;&#8230;<\/p>\n","protected":false},"author":1,"featured_media":0,"parent":0,"menu_order":0,"comment_status":"closed","ping_status":"closed","template":"","meta":[],"yoast_head":"<!-- This site is optimized with the Yoast SEO plugin v21.1 - https:\/\/yoast.com\/wordpress\/plugins\/seo\/ -->\n<title>O Capricare\u00ae - Capricare Poland HCP<\/title>\n<meta name=\"description\" content=\"Mieszanki Capricare s\u0105 wytwarzane przez sp\u00f3\u0142k\u0119 Dairy Goat Co-operative, kt\u00f3ra \u017cywieniem dzieci zajmuje si\u0119 od ponad 30 lat, w 30 krajach na \u015bwiecie.\" \/>\n<meta name=\"robots\" content=\"index, follow, max-snippet:-1, max-image-preview:large, max-video-preview:-1\" \/>\n<link rel=\"canonical\" href=\"https:\/\/www.capricare.pl\/hcp\/o-capricare\/\" \/>\n<meta property=\"og:locale\" content=\"en_US\" \/>\n<meta property=\"og:type\" content=\"article\" \/>\n<meta property=\"og:title\" content=\"O Capricare\u00ae - Capricare Poland HCP\" \/>\n<meta property=\"og:description\" content=\"Mieszanki Capricare s\u0105 wytwarzane przez sp\u00f3\u0142k\u0119 Dairy Goat Co-operative, kt\u00f3ra \u017cywieniem dzieci zajmuje si\u0119 od ponad 30 lat, w 30 krajach na \u015bwiecie.\" \/>\n<meta property=\"og:url\" content=\"https:\/\/www.capricare.pl\/hcp\/o-capricare\/\" \/>\n<meta property=\"og:site_name\" content=\"Capricare Poland HCP\" \/>\n<meta property=\"article:modified_time\" content=\"2025-10-16T01:12:28+00:00\" \/>\n<meta name=\"twitter:card\" content=\"summary_large_image\" \/>\n<meta name=\"twitter:label1\" content=\"Est. reading time\" \/>\n\t<meta name=\"twitter:data1\" content=\"4 minutes\" \/>\n<script type=\"application\/ld+json\" class=\"yoast-schema-graph\">{\"@context\":\"https:\/\/schema.org\",\"@graph\":[{\"@type\":\"WebPage\",\"@id\":\"https:\/\/www.capricare.pl\/hcp\/o-capricare\/\",\"url\":\"https:\/\/www.capricare.pl\/hcp\/o-capricare\/\",\"name\":\"O Capricare\u00ae - Capricare Poland HCP\",\"isPartOf\":{\"@id\":\"https:\/\/www.capricare.pl\/hcp\/#website\"},\"datePublished\":\"2019-12-20T21:22:55+00:00\",\"dateModified\":\"2025-10-16T01:12:28+00:00\",\"description\":\"Mieszanki Capricare s\u0105 wytwarzane przez sp\u00f3\u0142k\u0119 Dairy Goat Co-operative, kt\u00f3ra \u017cywieniem dzieci zajmuje si\u0119 od ponad 30 lat, w 30 krajach na \u015bwiecie.\",\"breadcrumb\":{\"@id\":\"https:\/\/www.capricare.pl\/hcp\/o-capricare\/#breadcrumb\"},\"inLanguage\":\"en-NZ\",\"potentialAction\":[{\"@type\":\"ReadAction\",\"target\":[\"https:\/\/www.capricare.pl\/hcp\/o-capricare\/\"]}]},{\"@type\":\"BreadcrumbList\",\"@id\":\"https:\/\/www.capricare.pl\/hcp\/o-capricare\/#breadcrumb\",\"itemListElement\":[{\"@type\":\"ListItem\",\"position\":1,\"name\":\"Home\",\"item\":\"https:\/\/www.capricare.pl\/hcp\/\"},{\"@type\":\"ListItem\",\"position\":2,\"name\":\"O Capricare\u00ae\"}]},{\"@type\":\"WebSite\",\"@id\":\"https:\/\/www.capricare.pl\/hcp\/#website\",\"url\":\"https:\/\/www.capricare.pl\/hcp\/\",\"name\":\"Capricare Poland HCP\",\"description\":\"\",\"potentialAction\":[{\"@type\":\"SearchAction\",\"target\":{\"@type\":\"EntryPoint\",\"urlTemplate\":\"https:\/\/www.capricare.pl\/hcp\/?s={search_term_string}\"},\"query-input\":\"required name=search_term_string\"}],\"inLanguage\":\"en-NZ\"}]}<\/script>\n<!-- \/ Yoast SEO plugin. -->","yoast_head_json":{"title":"O Capricare\u00ae - Capricare Poland HCP","description":"Mieszanki Capricare s\u0105 wytwarzane przez sp\u00f3\u0142k\u0119 Dairy Goat Co-operative, kt\u00f3ra \u017cywieniem dzieci zajmuje si\u0119 od ponad 30 lat, w 30 krajach na \u015bwiecie.","robots":{"index":"index","follow":"follow","max-snippet":"max-snippet:-1","max-image-preview":"max-image-preview:large","max-video-preview":"max-video-preview:-1"},"canonical":"https:\/\/www.capricare.pl\/hcp\/o-capricare\/","og_locale":"en_US","og_type":"article","og_title":"O Capricare\u00ae - Capricare Poland HCP","og_description":"Mieszanki Capricare s\u0105 wytwarzane przez sp\u00f3\u0142k\u0119 Dairy Goat Co-operative, kt\u00f3ra \u017cywieniem dzieci zajmuje si\u0119 od ponad 30 lat, w 30 krajach na \u015bwiecie.","og_url":"https:\/\/www.capricare.pl\/hcp\/o-capricare\/","og_site_name":"Capricare Poland HCP","article_modified_time":"2025-10-16T01:12:28+00:00","twitter_card":"summary_large_image","twitter_misc":{"Est. reading time":"4 minutes"},"schema":{"@context":"https:\/\/schema.org","@graph":[{"@type":"WebPage","@id":"https:\/\/www.capricare.pl\/hcp\/o-capricare\/","url":"https:\/\/www.capricare.pl\/hcp\/o-capricare\/","name":"O Capricare\u00ae - Capricare Poland HCP","isPartOf":{"@id":"https:\/\/www.capricare.pl\/hcp\/#website"},"datePublished":"2019-12-20T21:22:55+00:00","dateModified":"2025-10-16T01:12:28+00:00","description":"Mieszanki Capricare s\u0105 wytwarzane przez sp\u00f3\u0142k\u0119 Dairy Goat Co-operative, kt\u00f3ra \u017cywieniem dzieci zajmuje si\u0119 od ponad 30 lat, w 30 krajach na \u015bwiecie.","breadcrumb":{"@id":"https:\/\/www.capricare.pl\/hcp\/o-capricare\/#breadcrumb"},"inLanguage":"en-NZ","potentialAction":[{"@type":"ReadAction","target":["https:\/\/www.capricare.pl\/hcp\/o-capricare\/"]}]},{"@type":"BreadcrumbList","@id":"https:\/\/www.capricare.pl\/hcp\/o-capricare\/#breadcrumb","itemListElement":[{"@type":"ListItem","position":1,"name":"Home","item":"https:\/\/www.capricare.pl\/hcp\/"},{"@type":"ListItem","position":2,"name":"O Capricare\u00ae"}]},{"@type":"WebSite","@id":"https:\/\/www.capricare.pl\/hcp\/#website","url":"https:\/\/www.capricare.pl\/hcp\/","name":"Capricare Poland HCP","description":"","potentialAction":[{"@type":"SearchAction","target":{"@type":"EntryPoint","urlTemplate":"https:\/\/www.capricare.pl\/hcp\/?s={search_term_string}"},"query-input":"required name=search_term_string"}],"inLanguage":"en-NZ"}]}},"_links":{"self":[{"href":"https:\/\/www.capricare.pl\/hcp\/wp-json\/wp\/v2\/pages\/18"}],"collection":[{"href":"https:\/\/www.capricare.pl\/hcp\/wp-json\/wp\/v2\/pages"}],"about":[{"href":"https:\/\/www.capricare.pl\/hcp\/wp-json\/wp\/v2\/types\/page"}],"author":[{"embeddable":true,"href":"https:\/\/www.capricare.pl\/hcp\/wp-json\/wp\/v2\/users\/1"}],"replies":[{"embeddable":true,"href":"https:\/\/www.capricare.pl\/hcp\/wp-json\/wp\/v2\/comments?post=18"}],"version-history":[{"count":70,"href":"https:\/\/www.capricare.pl\/hcp\/wp-json\/wp\/v2\/pages\/18\/revisions"}],"predecessor-version":[{"id":1108,"href":"https:\/\/www.capricare.pl\/hcp\/wp-json\/wp\/v2\/pages\/18\/revisions\/1108"}],"wp:attachment":[{"href":"https:\/\/www.capricare.pl\/hcp\/wp-json\/wp\/v2\/media?parent=18"}],"curies":[{"name":"wp","href":"https:\/\/api.w.org\/{rel}","templated":true}]}}