{"id":25,"date":"2019-12-20T21:25:50","date_gmt":"2019-12-20T21:25:50","guid":{"rendered":"https:\/\/www.capricare.eu\/\/?page_id=25"},"modified":"2020-06-18T20:02:28","modified_gmt":"2020-06-18T20:02:28","slug":"czesto-zadawane-pytania","status":"publish","type":"page","link":"https:\/\/www.capricare.pl\/hcp\/czesto-zadawane-pytania\/","title":{"rendered":"Cz\u0119sto zadawane pytania"},"content":{"rendered":"[vc_row type=&#8221;full_width_content&#8221; full_screen_row_position=&#8221;middle&#8221; column_margin=&#8221;default&#8221; bg_color=&#8221;#e4f2e2&#8243; scene_position=&#8221;center&#8221; text_color=&#8221;dark&#8221; text_align=&#8221;left&#8221; id=&#8221;bread-note&#8221; overlay_strength=&#8221;0.3&#8243; shape_divider_position=&#8221;bottom&#8221; bg_image_animation=&#8221;none&#8221; shape_type=&#8221;&#8221;][vc_column column_padding=&#8221;no-extra-padding&#8221; column_padding_position=&#8221;all&#8221; background_color_opacity=&#8221;1&#8243; background_hover_color_opacity=&#8221;1&#8243; column_link_target=&#8221;_self&#8221; column_shadow=&#8221;none&#8221; column_border_radius=&#8221;none&#8221; width=&#8221;1\/1&#8243; tablet_width_inherit=&#8221;default&#8221; tablet_text_alignment=&#8221;default&#8221; phone_text_alignment=&#8221;default&#8221; overlay_strength=&#8221;0.3&#8243; column_border_width=&#8221;none&#8221; column_border_style=&#8221;solid&#8221; bg_image_animation=&#8221;none&#8221;][divider line_type=&#8221;No Line&#8221; custom_height=&#8221;20&#8243;][vc_column_text el_class=&#8221;note&#8221;]Cz\u0119sto zadawane pytania[\/vc_column_text][divider line_type=&#8221;No Line&#8221; custom_height=&#8221;100&#8243;][\/vc_column][\/vc_row][vc_row type=&#8221;full_width_background&#8221; full_screen_row_position=&#8221;middle&#8221; column_margin=&#8221;default&#8221; bg_color=&#8221;#e4f2e2&#8243; scene_position=&#8221;center&#8221; text_color=&#8221;dark&#8221; text_align=&#8221;left&#8221; top_padding=&#8221;80&#8243; class=&#8221;cc-terms&#8221; overlay_strength=&#8221;0.3&#8243; shape_divider_position=&#8221;bottom&#8221; bg_image_animation=&#8221;none&#8221; shape_type=&#8221;&#8221;][vc_column column_padding=&#8221;no-extra-padding&#8221; column_padding_position=&#8221;all&#8221; background_color_opacity=&#8221;1&#8243; background_hover_color_opacity=&#8221;1&#8243; column_link_target=&#8221;_self&#8221; column_shadow=&#8221;none&#8221; column_border_radius=&#8221;none&#8221; width=&#8221;1\/2&#8243; tablet_width_inherit=&#8221;default&#8221; tablet_text_alignment=&#8221;default&#8221; phone_text_alignment=&#8221;default&#8221; overlay_strength=&#8221;0.3&#8243; column_border_width=&#8221;none&#8221; column_border_style=&#8221;solid&#8221; bg_image_animation=&#8221;none&#8221;][divider line_type=&#8221;No Line&#8221; custom_height=&#8221;40&#8243;][vc_column_text]\n<h4>Jak d\u0142uga jest historia modyfikowanego mleka koziego?<\/h4>\n<p>Modyfikowane mleko kozie dla niemowl\u0105t zacz\u0119to stosowa\u0107 w Nowej Zelandii i Australii ponad 30 lat temu. Produkty Capricare<sup>\u00ae<\/sup> wytwarzane s\u0105 przez Dairy Goat Co-operative \u2014 pioniera, kt\u00f3ry opracowa\u0142 receptur\u0119 modyfikowanego mleka koziego dla niemowl\u0105t.<\/p>\n<h4>Czy mleko modyfikowane Capricare<sup>\u00ae<\/sup> mo\u017cna miesza\u0107 z innymi produktami?<\/h4>\n<p>Nasze produkty opracowano tak, aby ka\u017cda miarka dostarcza\u0142a okre\u015blon\u0105 ilo\u015b\u0107 sk\u0142adnik\u00f3w od\u017cywczych. Mo\u017cna kr\u00f3tkoterminowo miesza\u0107 r\u00f3\u017cne mleka modyfikowane (przez okres 3\u20137 dni) podczas przechodzenia z jednego produktu na drugi. Mieszanie mlek modyfikowanych przez d\u0142u\u017cszy okres mo\u017ce skutkowa\u0107 zbyt wysokim lub zbyt niskim st\u0119\u017ceniem mieszanki, potencjalnie stanowi\u0105c przyczyn\u0119 dyskomfortu lub prowadz\u0105c do dostarczania nieprawid\u0142owych proporcji sk\u0142adnik\u00f3w od\u017cywczych.<\/p>\n<h4>Jak przej\u015b\u0107 na mleko modyfikowane Capricare<sup>\u00ae<\/sup> z innego produktu?<\/h4>\n<p>Najlepszym sposobem jest stopniowe zast\u0119powanie jednego produktu drugim przez okres 3\u20137 dni. Przygotowuj\u0105c butelk\u0119, zacznij od zast\u0105pienia jednej miarki dotychczasowego produktu produktem Capricare<sup>\u00ae<\/sup>. Po 1 lub 2 dniach zast\u0105p kolejn\u0105 miark\u0119 produktem Capricare<sup>\u00ae<\/sup>, a\u017c w ko\u0144cu ca\u0142y posi\u0142ek przygotujesz z mleka modyfikowanego Capricare<sup>\u00ae<\/sup>.<\/p>\n<h4>Czy mleko modyfikowane Capricare<sup>\u00ae<\/sup> ma odpowiedni\u0105 zawarto\u015b\u0107 \u017celaza i kwasu foliowego?<\/h4>\n<p>Podobnie jak modyfikowane mleko krowie, modyfikowane mleko kozie musi zosta\u0107 wzbogacane witaminami i minera\u0142ami, aby zaspokoi\u0107 potrzeby Twojego dziecka. Produkty Capricare<sup>\u00ae<\/sup> zawieraj\u0105 witaminy i minera\u0142y, w tym kwas foliowy, witamin\u0119 B12, C, D, E i \u017celazo, w proporcjach gwarantuj\u0105cych poda\u017c* tych sk\u0142adnik\u00f3w odpowiedni\u0105 dla Twojego dziecka.<br \/>\n*Zgodnie z przepisami UE.<\/p>\n<h4>Jak smakuje i pachnie produkt Capricare<sup>\u00ae<\/sup>?<\/h4>\n<p>Nasze mleko pochodzi od dobrze karmionych k\u00f3z, kt\u00f3re s\u0105 hodowane w zdrowych warunkach. Mleko podlega nast\u0119pnie delikatnej obr\u00f3bce w procesie produkcji mleka modyfikowanego. W efekcie powstaje mleko modyfikowane dla niemowl\u0105t o delikatnym i \u0142agodnym smaku.[\/vc_column_text][\/vc_column][vc_column column_padding=&#8221;no-extra-padding&#8221; column_padding_position=&#8221;all&#8221; background_color_opacity=&#8221;1&#8243; background_hover_color_opacity=&#8221;1&#8243; column_link_target=&#8221;_self&#8221; column_shadow=&#8221;none&#8221; column_border_radius=&#8221;none&#8221; el_class=&#8221;faq-right&#8221; width=&#8221;1\/2&#8243; tablet_width_inherit=&#8221;default&#8221; tablet_text_alignment=&#8221;default&#8221; phone_text_alignment=&#8221;default&#8221; overlay_strength=&#8221;0.3&#8243; column_border_width=&#8221;none&#8221; column_border_style=&#8221;solid&#8221; bg_image_animation=&#8221;none&#8221;][vc_column_text]\n<h4>Sk\u0105d pochodzi mleko modyfikowane Capricare<sup>\u00ae<\/sup>?<\/h4>\n<p>Mleko modyfikowane Capricare<sup>\u00ae<\/sup> jest produkowane przez Dairy Goat Co-operative \u2014 pioniera i \u015bwiatowego lidera w dziedzinie modyfikowanego mleka koziego dla niemowl\u0105t. Dairy Goat Co-operative ma siedzib\u0119 w Nowej Zelandii i jest w\u0142asno\u015bci\u0105 hodowc\u00f3w dostarczaj\u0105cych mleko. Swoje hodowle prowadz\u0105 oni s\u0105 najbujniejszych pastwiskach Nowej Zelandii.<\/p>\n<h4>Jak przebiega hodowla k\u00f3z?<\/h4>\n<p>Kozy przebywaj\u0105 w otwartych oborach, dzi\u0119ki czemu maj\u0105 dost\u0119p do \u015bwiat\u0142a s\u0142onecznego i \u015bwie\u017cego powietrza. Zapewniana im jest przestrze\u0144 do swobodnego poruszania si\u0119 i odpoczynku. Maj\u0105 r\u00f3wnie\u017c nieograniczony dost\u0119p do po\u017cywienia.<\/p>\n<h4>Czy hodowcy stosuj\u0105 antybiotyki?<\/h4>\n<p>Stosowanie wszelkich lek\u00f3w, w tym antybiotyk\u00f3w, jest \u015bci\u015ble regulowane w Nowej Zelandii, sk\u0105d pochodz\u0105 produkty Capricare<sup>\u00ae<\/sup>. Antybiotyki u\u017cywane s\u0105 w wyj\u0105tkowych sytuacjach w celu leczenia infekcji. W takim przypadku mleko zebrane w okresie leczenia i kilka dni po jego zako\u0144czeniu jest odrzucane. Ka\u017cda dostawa mleka podlega rutynowej kontroli w celu upewnienia si\u0119, \u017ce nie zawiera pozosta\u0142o\u015bci antybiotyk\u00f3w.<\/p>\n<h4>Gdzie jeszcze mog\u0119 znale\u017a\u0107 modyfikowane mleko kozie Capricare<sup>\u00ae<\/sup>?<\/h4>\n<p>Produkty Capricare<sup>\u00ae<\/sup> s\u0105 wytwarzane przez Dairy Goat Co-operative. Produkty marki dost\u0119pne s\u0105 w 30 krajach na ca\u0142ym \u015bwiecie. Wyst\u0119puj\u0105 pod nazw\u0105 Capricare<sup>\u00ae<\/sup> lub pod innymi nazwami, jak Karihome, DG, Golden Goat czy Nanny.[\/vc_column_text][\/vc_column][\/vc_row][vc_row type=&#8221;full_width_background&#8221; full_screen_row_position=&#8221;middle&#8221; column_margin=&#8221;default&#8221; bg_color=&#8221;#e4f2e2&#8243; scene_position=&#8221;center&#8221; text_color=&#8221;dark&#8221; text_align=&#8221;left&#8221; overlay_strength=&#8221;0.3&#8243; shape_divider_position=&#8221;bottom&#8221; bg_image_animation=&#8221;none&#8221; shape_type=&#8221;&#8221;][vc_column column_padding=&#8221;no-extra-padding&#8221; column_padding_position=&#8221;all&#8221; background_color_opacity=&#8221;1&#8243; background_hover_color_opacity=&#8221;1&#8243; column_link_target=&#8221;_self&#8221; column_shadow=&#8221;none&#8221; column_border_radius=&#8221;none&#8221; width=&#8221;1\/1&#8243; tablet_width_inherit=&#8221;default&#8221; tablet_text_alignment=&#8221;default&#8221; phone_text_alignment=&#8221;default&#8221; overlay_strength=&#8221;0.3&#8243; column_border_width=&#8221;none&#8221; column_border_style=&#8221;solid&#8221; bg_image_animation=&#8221;none&#8221;][divider line_type=&#8221;No Line&#8221; custom_height=&#8221;80&#8243;][\/vc_column][\/vc_row]\n","protected":false},"excerpt":{"rendered":"<p>[vc_row type=&#8221;full_width_content&#8221; full_screen_row_position=&#8221;middle&#8221; column_margin=&#8221;default&#8221; bg_color=&#8221;#e4f2e2&#8243; scene_position=&#8221;center&#8221; text_color=&#8221;dark&#8221; text_align=&#8221;left&#8221; id=&#8221;bread-note&#8221; overlay_strength=&#8221;0.3&#8243; shape_divider_position=&#8221;bottom&#8221; bg_image_animation=&#8221;none&#8221; shape_type=&#8221;&#8221;][vc_column column_padding=&#8221;no-extra-padding&#8221; column_padding_position=&#8221;all&#8221; background_color_opacity=&#8221;1&#8243; background_hover_color_opacity=&#8221;1&#8243; column_link_target=&#8221;_self&#8221; column_shadow=&#8221;none&#8221; column_border_radius=&#8221;none&#8221; width=&#8221;1\/1&#8243; tablet_width_inherit=&#8221;default&#8221; tablet_text_alignment=&#8221;default&#8221; phone_text_alignment=&#8221;default&#8221; overlay_strength=&#8221;0.3&#8243; column_border_width=&#8221;none&#8221; column_border_style=&#8221;solid&#8221; bg_image_animation=&#8221;none&#8221;][divider line_type=&#8221;No Line&#8221;&#8230;<\/p>\n","protected":false},"author":1,"featured_media":0,"parent":0,"menu_order":0,"comment_status":"closed","ping_status":"closed","template":"","meta":[],"yoast_head":"<!-- This site is optimized with the Yoast SEO plugin v21.1 - https:\/\/yoast.com\/wordpress\/plugins\/seo\/ -->\n<title>Cz\u0119sto zadawane pytania - Capricare Poland HCP<\/title>\n<meta name=\"description\" content=\"Mleko dla niemowl\u0105t oparte na mleku kozim po raz pierwszy zastosowane zosta\u0142o w Nowej Zelandii 30 lat temu. Dzi\u015b DGC jest jego \u015bwiatowym liderem produkcji.\" \/>\n<meta name=\"robots\" content=\"index, follow, max-snippet:-1, max-image-preview:large, max-video-preview:-1\" \/>\n<link rel=\"canonical\" href=\"https:\/\/www.capricare.pl\/hcp\/czesto-zadawane-pytania\/\" \/>\n<meta property=\"og:locale\" content=\"en_US\" \/>\n<meta property=\"og:type\" content=\"article\" \/>\n<meta property=\"og:title\" content=\"Cz\u0119sto zadawane pytania - Capricare Poland HCP\" \/>\n<meta property=\"og:description\" content=\"Mleko dla niemowl\u0105t oparte na mleku kozim po raz pierwszy zastosowane zosta\u0142o w Nowej Zelandii 30 lat temu. Dzi\u015b DGC jest jego \u015bwiatowym liderem produkcji.\" \/>\n<meta property=\"og:url\" content=\"https:\/\/www.capricare.pl\/hcp\/czesto-zadawane-pytania\/\" \/>\n<meta property=\"og:site_name\" content=\"Capricare Poland HCP\" \/>\n<meta property=\"article:modified_time\" content=\"2020-06-18T20:02:28+00:00\" \/>\n<meta name=\"twitter:card\" content=\"summary_large_image\" \/>\n<meta name=\"twitter:label1\" content=\"Est. reading time\" \/>\n\t<meta name=\"twitter:data1\" content=\"5 minutes\" \/>\n<script type=\"application\/ld+json\" class=\"yoast-schema-graph\">{\"@context\":\"https:\/\/schema.org\",\"@graph\":[{\"@type\":\"WebPage\",\"@id\":\"https:\/\/www.capricare.pl\/hcp\/czesto-zadawane-pytania\/\",\"url\":\"https:\/\/www.capricare.pl\/hcp\/czesto-zadawane-pytania\/\",\"name\":\"Cz\u0119sto zadawane pytania - Capricare Poland HCP\",\"isPartOf\":{\"@id\":\"https:\/\/www.capricare.pl\/hcp\/#website\"},\"datePublished\":\"2019-12-20T21:25:50+00:00\",\"dateModified\":\"2020-06-18T20:02:28+00:00\",\"description\":\"Mleko dla niemowl\u0105t oparte na mleku kozim po raz pierwszy zastosowane zosta\u0142o w Nowej Zelandii 30 lat temu. Dzi\u015b DGC jest jego \u015bwiatowym liderem produkcji.\",\"breadcrumb\":{\"@id\":\"https:\/\/www.capricare.pl\/hcp\/czesto-zadawane-pytania\/#breadcrumb\"},\"inLanguage\":\"en-NZ\",\"potentialAction\":[{\"@type\":\"ReadAction\",\"target\":[\"https:\/\/www.capricare.pl\/hcp\/czesto-zadawane-pytania\/\"]}]},{\"@type\":\"BreadcrumbList\",\"@id\":\"https:\/\/www.capricare.pl\/hcp\/czesto-zadawane-pytania\/#breadcrumb\",\"itemListElement\":[{\"@type\":\"ListItem\",\"position\":1,\"name\":\"Home\",\"item\":\"https:\/\/www.capricare.pl\/hcp\/\"},{\"@type\":\"ListItem\",\"position\":2,\"name\":\"Cz\u0119sto zadawane pytania\"}]},{\"@type\":\"WebSite\",\"@id\":\"https:\/\/www.capricare.pl\/hcp\/#website\",\"url\":\"https:\/\/www.capricare.pl\/hcp\/\",\"name\":\"Capricare Poland HCP\",\"description\":\"\",\"potentialAction\":[{\"@type\":\"SearchAction\",\"target\":{\"@type\":\"EntryPoint\",\"urlTemplate\":\"https:\/\/www.capricare.pl\/hcp\/?s={search_term_string}\"},\"query-input\":\"required name=search_term_string\"}],\"inLanguage\":\"en-NZ\"}]}<\/script>\n<!-- \/ Yoast SEO plugin. -->","yoast_head_json":{"title":"Cz\u0119sto zadawane pytania - Capricare Poland HCP","description":"Mleko dla niemowl\u0105t oparte na mleku kozim po raz pierwszy zastosowane zosta\u0142o w Nowej Zelandii 30 lat temu. Dzi\u015b DGC jest jego \u015bwiatowym liderem produkcji.","robots":{"index":"index","follow":"follow","max-snippet":"max-snippet:-1","max-image-preview":"max-image-preview:large","max-video-preview":"max-video-preview:-1"},"canonical":"https:\/\/www.capricare.pl\/hcp\/czesto-zadawane-pytania\/","og_locale":"en_US","og_type":"article","og_title":"Cz\u0119sto zadawane pytania - Capricare Poland HCP","og_description":"Mleko dla niemowl\u0105t oparte na mleku kozim po raz pierwszy zastosowane zosta\u0142o w Nowej Zelandii 30 lat temu. Dzi\u015b DGC jest jego \u015bwiatowym liderem produkcji.","og_url":"https:\/\/www.capricare.pl\/hcp\/czesto-zadawane-pytania\/","og_site_name":"Capricare Poland HCP","article_modified_time":"2020-06-18T20:02:28+00:00","twitter_card":"summary_large_image","twitter_misc":{"Est. reading time":"5 minutes"},"schema":{"@context":"https:\/\/schema.org","@graph":[{"@type":"WebPage","@id":"https:\/\/www.capricare.pl\/hcp\/czesto-zadawane-pytania\/","url":"https:\/\/www.capricare.pl\/hcp\/czesto-zadawane-pytania\/","name":"Cz\u0119sto zadawane pytania - Capricare Poland HCP","isPartOf":{"@id":"https:\/\/www.capricare.pl\/hcp\/#website"},"datePublished":"2019-12-20T21:25:50+00:00","dateModified":"2020-06-18T20:02:28+00:00","description":"Mleko dla niemowl\u0105t oparte na mleku kozim po raz pierwszy zastosowane zosta\u0142o w Nowej Zelandii 30 lat temu. Dzi\u015b DGC jest jego \u015bwiatowym liderem produkcji.","breadcrumb":{"@id":"https:\/\/www.capricare.pl\/hcp\/czesto-zadawane-pytania\/#breadcrumb"},"inLanguage":"en-NZ","potentialAction":[{"@type":"ReadAction","target":["https:\/\/www.capricare.pl\/hcp\/czesto-zadawane-pytania\/"]}]},{"@type":"BreadcrumbList","@id":"https:\/\/www.capricare.pl\/hcp\/czesto-zadawane-pytania\/#breadcrumb","itemListElement":[{"@type":"ListItem","position":1,"name":"Home","item":"https:\/\/www.capricare.pl\/hcp\/"},{"@type":"ListItem","position":2,"name":"Cz\u0119sto zadawane pytania"}]},{"@type":"WebSite","@id":"https:\/\/www.capricare.pl\/hcp\/#website","url":"https:\/\/www.capricare.pl\/hcp\/","name":"Capricare Poland HCP","description":"","potentialAction":[{"@type":"SearchAction","target":{"@type":"EntryPoint","urlTemplate":"https:\/\/www.capricare.pl\/hcp\/?s={search_term_string}"},"query-input":"required name=search_term_string"}],"inLanguage":"en-NZ"}]}},"_links":{"self":[{"href":"https:\/\/www.capricare.pl\/hcp\/wp-json\/wp\/v2\/pages\/25"}],"collection":[{"href":"https:\/\/www.capricare.pl\/hcp\/wp-json\/wp\/v2\/pages"}],"about":[{"href":"https:\/\/www.capricare.pl\/hcp\/wp-json\/wp\/v2\/types\/page"}],"author":[{"embeddable":true,"href":"https:\/\/www.capricare.pl\/hcp\/wp-json\/wp\/v2\/users\/1"}],"replies":[{"embeddable":true,"href":"https:\/\/www.capricare.pl\/hcp\/wp-json\/wp\/v2\/comments?post=25"}],"version-history":[{"count":11,"href":"https:\/\/www.capricare.pl\/hcp\/wp-json\/wp\/v2\/pages\/25\/revisions"}],"predecessor-version":[{"id":812,"href":"https:\/\/www.capricare.pl\/hcp\/wp-json\/wp\/v2\/pages\/25\/revisions\/812"}],"wp:attachment":[{"href":"https:\/\/www.capricare.pl\/hcp\/wp-json\/wp\/v2\/media?parent=25"}],"curies":[{"name":"wp","href":"https:\/\/api.w.org\/{rel}","templated":true}]}}