{"id":29,"date":"2019-12-20T21:27:02","date_gmt":"2019-12-20T21:27:02","guid":{"rendered":"https:\/\/www.capricare.eu\/\/?page_id=29"},"modified":"2020-06-18T20:01:47","modified_gmt":"2020-06-18T20:01:47","slug":"polityka-prywatnosci","status":"publish","type":"page","link":"https:\/\/www.capricare.pl\/hcp\/polityka-prywatnosci\/","title":{"rendered":"Polityka prywatno\u015bci"},"content":{"rendered":"[vc_row type=&#8221;full_width_content&#8221; full_screen_row_position=&#8221;middle&#8221; column_margin=&#8221;default&#8221; bg_color=&#8221;#e4f2e2&#8243; scene_position=&#8221;center&#8221; text_color=&#8221;dark&#8221; text_align=&#8221;left&#8221; id=&#8221;bread-note&#8221; overlay_strength=&#8221;0.3&#8243; shape_divider_position=&#8221;bottom&#8221; bg_image_animation=&#8221;none&#8221; shape_type=&#8221;&#8221;][vc_column column_padding=&#8221;no-extra-padding&#8221; column_padding_position=&#8221;all&#8221; background_color_opacity=&#8221;1&#8243; background_hover_color_opacity=&#8221;1&#8243; column_link_target=&#8221;_self&#8221; column_shadow=&#8221;none&#8221; column_border_radius=&#8221;none&#8221; width=&#8221;1\/1&#8243; tablet_width_inherit=&#8221;default&#8221; tablet_text_alignment=&#8221;default&#8221; phone_text_alignment=&#8221;default&#8221; overlay_strength=&#8221;0.3&#8243; column_border_width=&#8221;none&#8221; column_border_style=&#8221;solid&#8221; bg_image_animation=&#8221;none&#8221;][divider line_type=&#8221;No Line&#8221; custom_height=&#8221;20&#8243;][vc_column_text el_class=&#8221;note&#8221;]\n<h1>Polityka prywatno\u015bci<\/h1>\n[\/vc_column_text][\/vc_column][\/vc_row][vc_row type=&#8221;full_width_background&#8221; full_screen_row_position=&#8221;middle&#8221; column_margin=&#8221;default&#8221; bg_color=&#8221;#e4f2e2&#8243; scene_position=&#8221;center&#8221; text_color=&#8221;dark&#8221; text_align=&#8221;left&#8221; top_padding=&#8221;80&#8243; class=&#8221;cc-terms&#8221; overlay_strength=&#8221;0.3&#8243; shape_divider_position=&#8221;bottom&#8221; bg_image_animation=&#8221;none&#8221; shape_type=&#8221;&#8221;][vc_column column_padding=&#8221;no-extra-padding&#8221; column_padding_position=&#8221;all&#8221; background_color_opacity=&#8221;1&#8243; background_hover_color_opacity=&#8221;1&#8243; column_link_target=&#8221;_self&#8221; column_shadow=&#8221;none&#8221; column_border_radius=&#8221;none&#8221; width=&#8221;1\/1&#8243; tablet_width_inherit=&#8221;default&#8221; tablet_text_alignment=&#8221;default&#8221; phone_text_alignment=&#8221;default&#8221; overlay_strength=&#8221;0.3&#8243; column_border_width=&#8221;none&#8221; column_border_style=&#8221;solid&#8221; bg_image_animation=&#8221;none&#8221;][divider line_type=&#8221;No Line&#8221; custom_height=&#8221;40&#8243;][vc_column_text]Capricare<sup>\u00ae<\/sup> jest zastrze\u017conym znakiem towarowym nale\u017c\u0105cym do Dairy Goat Co-operative (N.Z.) Limited. Dairy Goat Co-operative to firma zarejestrowana w Nowej Zelandii pod numerem firmy 421398, kt\u00f3rej siedziba to 18 Gallagher Drive, Hamilton, Nowa Zelandia, jest zobowi\u0105zana do ochrony i poszanowania Twojej prywatno\u015bci.<\/p>\n<p>Niniejsza polityka okre\u015bla podstawy, na jakich przetwarzane s\u0105 przez nas dane osobowe, kt\u00f3re od Ciebie gromadzimy lub kt\u00f3re nam przekazujesz. Przeczytaj uwa\u017cnie poni\u017csze informacje, aby zrozumie\u0107 nasze opinie i praktyki dotycz\u0105ce Twoich danych osobowych i sposobu, w jaki b\u0119dziemy je traktowa\u0107.<\/p>\n<p>Administratorem Twoich danych jest \u201eMiralex\u201d sp\u00f3\u0142ka z ograniczon\u0105 odpowiedzialno\u015bci\u0105 z siedzib\u0105 w Pile (64-920), ul. Lotnicza 4, NIP 7640001360, wpisan\u0105 do Krajowego Rejestru S\u0105dowego prowadzonego przez S\u0105d Rejonowy Pozna\u0144-Nowe Miasto i Wilda w Poznaniu, IX Wydzia\u0142 Gospodarczy pod numerem KRS 0000011534<\/p>\n<p>e-mail: <a href=\"mailto:daneosobowe@miralex.pl\">daneosobowe@miralex.pl<\/a><br \/>\ntel. +48 61 832 90 60<br \/>\nfax. +48 61 832 90 70<\/p>\n<p><strong>Podstawa przetwarzania danych osobowych<\/strong><br \/>\nParagrafy w tej sekcji wyja\u015bniaj\u0105, w jaki spos\u00f3b i dlaczego przetwarzamy Twoje dane osobowe, a tak\u017ce podstaw\u0119 prawn\u0105, na kt\u00f3rej przeprowadzamy to przetwarzanie.<\/p>\n<p>Aby pom\u00f3c Ci w zapytaniach dotycz\u0105cych obs\u0142ugi klienta (dotycz\u0105cych naszych produkt\u00f3w i\/ lub karmienia dziecka): Je\u015bli poprosisz nas o dostarczenie informacji dotycz\u0105cych naszych produkt\u00f3w lub korzystania z naszych produkt\u00f3w, przetwarzamy Twoje dane osobowe w celu zapewnienia tych informacji dla Ciebie. Wykorzystywanie przez nas danych osobowych w ten spos\u00f3b obejmuje w szczeg\u00f3lno\u015bci rejestrowanie wszelkich danych kontaktowych i danych, kt\u00f3re nam przekazujesz, s\u0105 one przechowywane na bezpiecznych serwerach. Musimy przetwarza\u0107 Twoje dane osobowe w ten spos\u00f3b, aby m\u00f3c skutecznie i dok\u0142adnie odpowiada\u0107 na Twoje zapytanie.<\/p>\n<p>Je\u015bli nie chcesz przekazywa\u0107 nam swoich danych osobowych w ten spos\u00f3b, nie b\u0119dziemy w stanie zapewni\u0107 Tobie wymaganych informacji ani pomocy.<\/p>\n<p>Podstaw\u0105 prawn\u0105, na kt\u00f3rej przetwarzamy Twoje dane osobowe w takich okoliczno\u015bciach jest nasz uzasadniony interes, aby zapewni\u0107 Ci najlepsz\u0105 mo\u017cliw\u0105 obs\u0142ug\u0119 klienta.<\/p>\n<p>Nie jeste\u015b zobowi\u0105zany do dostarczenia nam swoich danych osobowych i mo\u017cesz wycofa\u0107 swoj\u0105 zgod\u0119 na przetwarzanie danych osobowych w ten spos\u00f3b w dowolnym momencie, kontaktuj\u0105c si\u0119 z nami pod adresem <a href=\"mailto:daneosobowe@miralex.pl\">daneosobowe@miralex.pl<\/a>. Je\u015bli zdecydujesz si\u0119 wycofa\u0107 swoj\u0105 zgod\u0119, nie b\u0119dzie to oznacza\u0107, \u017ce przetwarzanie Twoich danych przed wycofaniem zgody by\u0142o niezgodne z prawem.<\/p>\n<p><strong>Informacje, kt\u00f3re zbieramy od ciebie<\/strong><br \/>\nB\u0119dziemy gromadzi\u0107 i przetwarza\u0107 nast\u0119puj\u0105ce dane o Tobie:<br \/>\n&#8211; Informacje, kt\u00f3re nam przekazujesz. S\u0105 to informacje o Tobie, kt\u00f3re nam udost\u0119pniasz, wype\u0142niaj\u0105c formularz zapytania na naszej stronie internetowej www.capricare.pl lub koresponduj\u0105c z nami telefonicznie, e-mailem lub w inny spos\u00f3b. Informacje, kt\u00f3re nam przekazujesz, mog\u0105 obejmowa\u0107 imi\u0119 i nazwisko, adres, adres e-mail i numer telefonu oraz inne informacje dotycz\u0105ce Ciebie i Twojego dziecka lub dziecka.<\/p>\n<p><strong>Wykorzystanie informacji<\/strong><br \/>\nB\u0119dziemy wykorzystywa\u0107 informacje, kt\u00f3re nam przekazujesz, w celach okre\u015blonych powy\u017cej.<\/p>\n<p><strong>Gdzie przechowujemy Twoje dane osobowe<\/strong><br \/>\nWszystkie informacje, kt\u00f3re nam przekazujesz, s\u0105 przechowywane na bezpiecznych serwerach. Aby zapobiec nieautoryzowanemu dost\u0119powi lub ujawnieniu, wdro\u017cyli\u015bmy odpowiednie procedury fizyczne, elektroniczne i zarz\u0105dcze w celu zabezpieczenia i zabezpieczenia gromadzonych przez nas informacji.<\/p>\n<p><strong>Okres przechowywania<\/strong><br \/>\nB\u0119dziemy przechowywa\u0107 Twoje dane przez okres 5 lat od daty pierwszego przekazania nam informacji, aby zapewni\u0107, \u017ce b\u0119dziemy w stanie pom\u00f3c Ci w razie jakichkolwiek pyta\u0144, opinii lub potrzeby dalszej pomocy w zwi\u0105zku z naszymi produktami.<\/p>\n<p><strong>Kim s\u0105 odbiorcy twoich danych osobowych poza firm\u0105 Miralex Sp. z o.o.?<\/strong><\/p>\n<p>Mo\u017cemy ujawni\u0107 Twoje dane stronom trzecim za Twoj\u0105 zgod\u0105.<\/p>\n<p>Twoje prawa wynikaj\u0105ce z przepis\u00f3w o ochronie danych<\/p>\n<p><u>Prawo do sprzeciwu<\/u><\/p>\n<p>Masz prawo sprzeciwi\u0107 si\u0119 przetwarzaniu przez nas Twoich danych osobowych, je\u017celi przetwarzamy Twoje dane osobowe w oparciu o nasze uzasadnione interesy (jak okre\u015blono powy\u017cej). Je\u015bli poprosisz nas o zaprzestanie przetwarzania Twoich danych osobowych na tej podstawie przestaniemy przetwarza\u0107 Twoje dane osobowe, chyba \u017ce b\u0119dziemy w stanie wykaza\u0107 istotne powody, dla kt\u00f3rych przetwarzanie powinno by\u0107 kontynuowane zgodnie z przepisami o ochronie danych. Je\u015bli poprosisz nas o zaprzestanie przetwarzania Twoich danych osobowych na tej podstawie, przestaniemy.<\/p>\n<p><u>Prawo dost\u0119pu<\/u><\/p>\n<p>Masz prawo do otrzymania potwierdzenia, czy Twoje dane osobowe s\u0105 przez nas przetwarzane, a tak\u017ce r\u00f3\u017cnych innych informacji zwi\u0105zanych z wykorzystaniem z Twoich danych osobowych. Masz r\u00f3wnie\u017c prawo do dost\u0119pu do twoich danych osobowych, kt\u00f3re przetwarzamy.<\/p>\n<p><u>Prawo do sprostowania<\/u><\/p>\n<p>Masz prawo za\u017c\u0105da\u0107 od nas sprostowania wszelkich niedok\u0142adnych danych osobowych, kt\u00f3re przechowujemy na Tw\u00f3j temat. Masz r\u00f3wnie\u017c prawo do uzupe\u0142nienia niekompletnych danych osobowych, kt\u00f3re przechowujemy na Tw\u00f3j temat, poprzez dostarczenie nam dodatkowego o\u015bwiadczenia.<\/p>\n<p><u>Prawo do ograniczenia<\/u><\/p>\n<p>Masz prawo ograniczy\u0107 nasze przetwarzanie Twoich danych osobowych, je\u017celi: kwestionujesz dok\u0142adno\u015b\u0107 danych osobowych; przetwarzanie przez nas Twoich danych osobowych jest niezgodne z prawem, ale nie chcesz, aby odpowiednie dane osobowe zosta\u0142y usuni\u0119te; nie musimy ju\u017c przetwarza\u0107 Twoich danych osobowych w uzgodnionych celach, ale chcesz zachowa\u0107 swoje dane osobowe w celu ustalenia, dochodzenia lub obrony roszcze\u0144 prawnych; lub przetwarzamy Twoje dane na podstawie naszego uzasadnionego interesu (jak okre\u015blono powy\u017cej), a Ty mo\u017cesz:<\/p>\n<p>&#8211; sprzeciwi\u0107 si\u0119 przetwarzaniu na tej podstawie; i<\/p>\n<p>&#8211; \u017c\u0105da\u0107, aby przetwarzanie odpowiednich danych osobowych by\u0142o ograniczone, dop\u00f3ki nie zostanie ustalone, czy nasz uzasadniony interes nadrz\u0119dny jest nadrz\u0119dny wobec Twojego uzasadnionego interesu.<\/p>\n<p>W przypadku, gdy w trakcie korzystania z przys\u0142uguj\u0105cego Ci prawa do ograniczenia stwierdzisz, \u017ce nasze przetwarzanie okre\u015blonych danych osobowych ma zosta\u0107 ograniczone, w\u00f3wczas przetwarzamy odpowiednie dane osobowe wy\u0142\u0105cznie zgodnie z Twoj\u0105 zgod\u0105, a ponadto w celach przechowywania i do cel\u00f3w roszczenia prawne.<\/p>\n<p><u>Prawo do usuni\u0119cia<\/u><\/p>\n<p>Masz prawo \u017c\u0105da\u0107, aby\u015bmy usun\u0119li Twoje dane osobowe, kt\u00f3re przetwarzamy, je\u017celi ma zastosowanie co najmniej jedna z nast\u0119puj\u0105cych przyczyn: przetwarzanie nie jest ju\u017c konieczne w zwi\u0105zku z celami, dla kt\u00f3rych Twoje dane osobowe zosta\u0142y zgromadzone lub w inny spos\u00f3b przetworzone; przetwarzanie naszych danych osobowych odbywa si\u0119 na podstawie Twojej zgody, nast\u0119pnie wycofa\u0142e\u015b swoj\u0105 zgod\u0119 i nie ma innej podstawy prawnej, z kt\u00f3rej mogliby\u015bmy skorzysta\u0107 w celu przetwarzania Twoich danych osobowych; sprzeciwiasz si\u0119 przetwarzaniu zgodnie z sekcj\u0105 \u201eprawo do sprzeciwu\u201d w niniejszej polityce i nie mamy nadrz\u0119dnego uzasadnionego interesu w zakresie przetwarzania; dane osobowe by\u0142y przetwarzane niezgodnie z prawem; usuni\u0119cie jest wymagane w celu zachowania zgodno\u015bci z prawem, kt\u00f3remu podlegamy.<\/p>\n<p>Byliby\u015bmy wdzi\u0119czni, gdyby\u015b z\u0142o\u017cy\u0142 u nas jakiekolwiek skargi, ale masz r\u00f3wnie\u017c prawo z\u0142o\u017cy\u0107 skarg\u0119 do organu nadzorczego.<\/p>\n<p><u>Korzystaj\u0105c ze swoich praw<\/u><\/p>\n<p>Mo\u017cesz skorzysta\u0107 z takich praw, kontaktuj\u0105c si\u0119 z nami pod adresem <a href=\"mailto:daneosobowe@miralex.pl\">daneosobowe@miralex.pl<\/a>.<\/p>\n<p><strong>Zmiany w naszej polityce prywatno\u015bci<\/strong><\/p>\n<p>Wszelkie zmiany, kt\u00f3re wprowadzimy w naszej polityce prywatno\u015bci w przysz\u0142o\u015bci, zostan\u0105 opublikowane na tej stronie. Cz\u0119sto sprawdzaj, aby zobaczy\u0107 aktualizacje lub zmiany naszej polityki prywatno\u015bci.<\/p>\n<p><strong>Kontakt<\/strong><\/p>\n<p>Pytania, komentarze i pro\u015bby dotycz\u0105ce niniejszej polityki prywatno\u015bci s\u0105 mile widziane i nale\u017cy je kierowa\u0107 na adres <a href=\"mailto:kontakt@capricare.pl\">kontakt@capricare.pl<\/a>.<\/p>\n<p>Niniejsza polityka prywatno\u015bci zosta\u0142a ostatnio zaktualizowana 25 marca 2020 r.[\/vc_column_text][divider line_type=&#8221;No Line&#8221; custom_height=&#8221;80&#8243;][\/vc_column][\/vc_row]\n","protected":false},"excerpt":{"rendered":"<p>[vc_row type=&#8221;full_width_content&#8221; full_screen_row_position=&#8221;middle&#8221; column_margin=&#8221;default&#8221; bg_color=&#8221;#e4f2e2&#8243; scene_position=&#8221;center&#8221; text_color=&#8221;dark&#8221; text_align=&#8221;left&#8221; id=&#8221;bread-note&#8221; overlay_strength=&#8221;0.3&#8243; shape_divider_position=&#8221;bottom&#8221; bg_image_animation=&#8221;none&#8221; shape_type=&#8221;&#8221;][vc_column column_padding=&#8221;no-extra-padding&#8221; column_padding_position=&#8221;all&#8221; background_color_opacity=&#8221;1&#8243; background_hover_color_opacity=&#8221;1&#8243; column_link_target=&#8221;_self&#8221; column_shadow=&#8221;none&#8221; column_border_radius=&#8221;none&#8221; width=&#8221;1\/1&#8243; tablet_width_inherit=&#8221;default&#8221; tablet_text_alignment=&#8221;default&#8221; phone_text_alignment=&#8221;default&#8221; overlay_strength=&#8221;0.3&#8243; column_border_width=&#8221;none&#8221; column_border_style=&#8221;solid&#8221; bg_image_animation=&#8221;none&#8221;][divider line_type=&#8221;No Line&#8221;&#8230;<\/p>\n","protected":false},"author":1,"featured_media":0,"parent":0,"menu_order":0,"comment_status":"closed","ping_status":"closed","template":"","meta":[],"yoast_head":"<!-- This site is optimized with the Yoast SEO plugin v21.1 - https:\/\/yoast.com\/wordpress\/plugins\/seo\/ -->\n<title>Polityka prywatno\u015bci - Capricare Poland HCP<\/title>\n<meta name=\"description\" content=\"Twoja opinia jest dla nas wa\u017cna. Informuj nas o jako\u015bci pracy naszego dzia\u0142u obs\u0142ugi klienta, aby pom\u00f3c w jego ulepszaniu.\" \/>\n<meta name=\"robots\" content=\"index, follow, max-snippet:-1, max-image-preview:large, max-video-preview:-1\" \/>\n<link rel=\"canonical\" href=\"https:\/\/www.capricare.pl\/hcp\/polityka-prywatnosci\/\" \/>\n<meta property=\"og:locale\" content=\"en_US\" \/>\n<meta property=\"og:type\" content=\"article\" \/>\n<meta property=\"og:title\" content=\"Polityka prywatno\u015bci - Capricare Poland HCP\" \/>\n<meta property=\"og:description\" content=\"Twoja opinia jest dla nas wa\u017cna. Informuj nas o jako\u015bci pracy naszego dzia\u0142u obs\u0142ugi klienta, aby pom\u00f3c w jego ulepszaniu.\" \/>\n<meta property=\"og:url\" content=\"https:\/\/www.capricare.pl\/hcp\/polityka-prywatnosci\/\" \/>\n<meta property=\"og:site_name\" content=\"Capricare Poland HCP\" \/>\n<meta property=\"article:modified_time\" content=\"2020-06-18T20:01:47+00:00\" \/>\n<meta name=\"twitter:card\" content=\"summary_large_image\" \/>\n<meta name=\"twitter:label1\" content=\"Est. reading time\" \/>\n\t<meta name=\"twitter:data1\" content=\"7 minutes\" \/>\n<script type=\"application\/ld+json\" class=\"yoast-schema-graph\">{\"@context\":\"https:\/\/schema.org\",\"@graph\":[{\"@type\":\"WebPage\",\"@id\":\"https:\/\/www.capricare.pl\/hcp\/polityka-prywatnosci\/\",\"url\":\"https:\/\/www.capricare.pl\/hcp\/polityka-prywatnosci\/\",\"name\":\"Polityka prywatno\u015bci - Capricare Poland HCP\",\"isPartOf\":{\"@id\":\"https:\/\/www.capricare.pl\/hcp\/#website\"},\"datePublished\":\"2019-12-20T21:27:02+00:00\",\"dateModified\":\"2020-06-18T20:01:47+00:00\",\"description\":\"Twoja opinia jest dla nas wa\u017cna. Informuj nas o jako\u015bci pracy naszego dzia\u0142u obs\u0142ugi klienta, aby pom\u00f3c w jego ulepszaniu.\",\"breadcrumb\":{\"@id\":\"https:\/\/www.capricare.pl\/hcp\/polityka-prywatnosci\/#breadcrumb\"},\"inLanguage\":\"en-NZ\",\"potentialAction\":[{\"@type\":\"ReadAction\",\"target\":[\"https:\/\/www.capricare.pl\/hcp\/polityka-prywatnosci\/\"]}]},{\"@type\":\"BreadcrumbList\",\"@id\":\"https:\/\/www.capricare.pl\/hcp\/polityka-prywatnosci\/#breadcrumb\",\"itemListElement\":[{\"@type\":\"ListItem\",\"position\":1,\"name\":\"Home\",\"item\":\"https:\/\/www.capricare.pl\/hcp\/\"},{\"@type\":\"ListItem\",\"position\":2,\"name\":\"Polityka prywatno\u015bci\"}]},{\"@type\":\"WebSite\",\"@id\":\"https:\/\/www.capricare.pl\/hcp\/#website\",\"url\":\"https:\/\/www.capricare.pl\/hcp\/\",\"name\":\"Capricare Poland HCP\",\"description\":\"\",\"potentialAction\":[{\"@type\":\"SearchAction\",\"target\":{\"@type\":\"EntryPoint\",\"urlTemplate\":\"https:\/\/www.capricare.pl\/hcp\/?s={search_term_string}\"},\"query-input\":\"required name=search_term_string\"}],\"inLanguage\":\"en-NZ\"}]}<\/script>\n<!-- \/ Yoast SEO plugin. -->","yoast_head_json":{"title":"Polityka prywatno\u015bci - Capricare Poland HCP","description":"Twoja opinia jest dla nas wa\u017cna. Informuj nas o jako\u015bci pracy naszego dzia\u0142u obs\u0142ugi klienta, aby pom\u00f3c w jego ulepszaniu.","robots":{"index":"index","follow":"follow","max-snippet":"max-snippet:-1","max-image-preview":"max-image-preview:large","max-video-preview":"max-video-preview:-1"},"canonical":"https:\/\/www.capricare.pl\/hcp\/polityka-prywatnosci\/","og_locale":"en_US","og_type":"article","og_title":"Polityka prywatno\u015bci - Capricare Poland HCP","og_description":"Twoja opinia jest dla nas wa\u017cna. Informuj nas o jako\u015bci pracy naszego dzia\u0142u obs\u0142ugi klienta, aby pom\u00f3c w jego ulepszaniu.","og_url":"https:\/\/www.capricare.pl\/hcp\/polityka-prywatnosci\/","og_site_name":"Capricare Poland HCP","article_modified_time":"2020-06-18T20:01:47+00:00","twitter_card":"summary_large_image","twitter_misc":{"Est. reading time":"7 minutes"},"schema":{"@context":"https:\/\/schema.org","@graph":[{"@type":"WebPage","@id":"https:\/\/www.capricare.pl\/hcp\/polityka-prywatnosci\/","url":"https:\/\/www.capricare.pl\/hcp\/polityka-prywatnosci\/","name":"Polityka prywatno\u015bci - Capricare Poland HCP","isPartOf":{"@id":"https:\/\/www.capricare.pl\/hcp\/#website"},"datePublished":"2019-12-20T21:27:02+00:00","dateModified":"2020-06-18T20:01:47+00:00","description":"Twoja opinia jest dla nas wa\u017cna. Informuj nas o jako\u015bci pracy naszego dzia\u0142u obs\u0142ugi klienta, aby pom\u00f3c w jego ulepszaniu.","breadcrumb":{"@id":"https:\/\/www.capricare.pl\/hcp\/polityka-prywatnosci\/#breadcrumb"},"inLanguage":"en-NZ","potentialAction":[{"@type":"ReadAction","target":["https:\/\/www.capricare.pl\/hcp\/polityka-prywatnosci\/"]}]},{"@type":"BreadcrumbList","@id":"https:\/\/www.capricare.pl\/hcp\/polityka-prywatnosci\/#breadcrumb","itemListElement":[{"@type":"ListItem","position":1,"name":"Home","item":"https:\/\/www.capricare.pl\/hcp\/"},{"@type":"ListItem","position":2,"name":"Polityka prywatno\u015bci"}]},{"@type":"WebSite","@id":"https:\/\/www.capricare.pl\/hcp\/#website","url":"https:\/\/www.capricare.pl\/hcp\/","name":"Capricare Poland HCP","description":"","potentialAction":[{"@type":"SearchAction","target":{"@type":"EntryPoint","urlTemplate":"https:\/\/www.capricare.pl\/hcp\/?s={search_term_string}"},"query-input":"required name=search_term_string"}],"inLanguage":"en-NZ"}]}},"_links":{"self":[{"href":"https:\/\/www.capricare.pl\/hcp\/wp-json\/wp\/v2\/pages\/29"}],"collection":[{"href":"https:\/\/www.capricare.pl\/hcp\/wp-json\/wp\/v2\/pages"}],"about":[{"href":"https:\/\/www.capricare.pl\/hcp\/wp-json\/wp\/v2\/types\/page"}],"author":[{"embeddable":true,"href":"https:\/\/www.capricare.pl\/hcp\/wp-json\/wp\/v2\/users\/1"}],"replies":[{"embeddable":true,"href":"https:\/\/www.capricare.pl\/hcp\/wp-json\/wp\/v2\/comments?post=29"}],"version-history":[{"count":6,"href":"https:\/\/www.capricare.pl\/hcp\/wp-json\/wp\/v2\/pages\/29\/revisions"}],"predecessor-version":[{"id":814,"href":"https:\/\/www.capricare.pl\/hcp\/wp-json\/wp\/v2\/pages\/29\/revisions\/814"}],"wp:attachment":[{"href":"https:\/\/www.capricare.pl\/hcp\/wp-json\/wp\/v2\/media?parent=29"}],"curies":[{"name":"wp","href":"https:\/\/api.w.org\/{rel}","templated":true}]}}